{"id":1424,"date":"2022-01-11T15:15:08","date_gmt":"2022-01-11T12:15:08","guid":{"rendered":"https:\/\/janedaturism.ee\/o-firme\/%d0%ba%d0%be%d0%bc%d0%b0%d0%bd%d0%b4%d0%b0\/"},"modified":"2025-09-29T08:55:18","modified_gmt":"2025-09-29T05:55:18","slug":"komanda","status":"publish","type":"page","link":"https:\/\/janedaturism.ee\/ru\/o-firme\/komanda\/","title":{"rendered":"\u041a\u043e\u043c\u0430\u043d\u0434\u0430"},"content":{"rendered":"<div class=\"fusion-fullwidth fullwidth-box fusion-builder-row-1 fusion-flex-container nonhundred-percent-fullwidth non-hundred-percent-height-scrolling\" style=\"--awb-border-radius-top-left:0px;--awb-border-radius-top-right:0px;--awb-border-radius-bottom-right:0px;--awb-border-radius-bottom-left:0px;--awb-flex-wrap:wrap;\" ><div class=\"fusion-builder-row fusion-row fusion-flex-align-items-flex-start fusion-flex-content-wrap\" style=\"max-width:1248px;margin-left: calc(-4% \/ 2 );margin-right: calc(-4% \/ 2 );\"><div class=\"fusion-layout-column fusion_builder_column fusion-builder-column-0 fusion_builder_column_1_1 1_1 fusion-flex-column\" style=\"--awb-bg-size:cover;--awb-width-large:100%;--awb-margin-top-large:0px;--awb-spacing-right-large:1.92%;--awb-margin-bottom-large:20px;--awb-spacing-left-large:1.92%;--awb-width-medium:100%;--awb-order-medium:0;--awb-spacing-right-medium:1.92%;--awb-spacing-left-medium:1.92%;--awb-width-small:100%;--awb-order-small:0;--awb-spacing-right-small:1.92%;--awb-spacing-left-small:1.92%;\"><div class=\"fusion-column-wrapper fusion-column-has-shadow fusion-flex-justify-content-flex-start fusion-content-layout-column\"><div class=\"fusion-text fusion-text-1\" style=\"--awb-text-transform:none;\"><h1>\u041a\u043e\u043c\u0430\u043d\u0434\u0430<\/h1>\n<\/div><\/div><\/div><div class=\"fusion-layout-column fusion_builder_column fusion-builder-column-1 fusion_builder_column_1_3 1_3 fusion-flex-column\" style=\"--awb-bg-size:cover;--awb-width-large:33.333333333333%;--awb-margin-top-large:0px;--awb-spacing-right-large:5.76%;--awb-margin-bottom-large:20px;--awb-spacing-left-large:5.76%;--awb-width-medium:33.333333333333%;--awb-order-medium:0;--awb-spacing-right-medium:5.76%;--awb-spacing-left-medium:5.76%;--awb-width-small:100%;--awb-order-small:0;--awb-spacing-right-small:1.92%;--awb-spacing-left-small:1.92%;\"><div class=\"fusion-column-wrapper fusion-column-has-shadow fusion-flex-justify-content-flex-start fusion-content-layout-column\"><div class=\"fusion-text fusion-text-2\" style=\"--awb-text-transform:none;\"><p><strong>Enno Must<\/strong><br \/>\n\u0443\u043f\u0440\u0430\u0432\u043b\u044f\u044e\u0449\u0438\u0439<br \/>\nEmail <a href=\"mailto:enno@janeda.ee\">enno@janeda.ee<\/a><br \/>\nTel 3849750<br \/>\nTel 5054495<\/p>\n<\/div><\/div><\/div><div class=\"fusion-layout-column fusion_builder_column fusion-builder-column-2 fusion_builder_column_1_3 1_3 fusion-flex-column\" style=\"--awb-bg-size:cover;--awb-width-large:33.333333333333%;--awb-margin-top-large:0px;--awb-spacing-right-large:5.76%;--awb-margin-bottom-large:20px;--awb-spacing-left-large:5.76%;--awb-width-medium:33.333333333333%;--awb-order-medium:0;--awb-spacing-right-medium:5.76%;--awb-spacing-left-medium:5.76%;--awb-width-small:100%;--awb-order-small:0;--awb-spacing-right-small:1.92%;--awb-spacing-left-small:1.92%;\"><div class=\"fusion-column-wrapper fusion-column-has-shadow fusion-flex-justify-content-flex-start fusion-content-layout-column\"><div class=\"fusion-text fusion-text-3\" style=\"--awb-text-transform:none;\"><p><strong>Elo Kallas<\/strong><br \/>\n\u0447\u043b\u0435\u043d \u043f\u0440\u0430\u0432\u043b\u0435\u043d\u0438\u044f<br \/>\nEmail <a href=\"mailto:elo@janeda.ee\">elo@janeda.ee<\/a><br \/>\nTel 506 5672<\/p>\n<\/div><\/div><\/div><div class=\"fusion-layout-column fusion_builder_column fusion-builder-column-3 fusion_builder_column_1_3 1_3 fusion-flex-column\" style=\"--awb-bg-size:cover;--awb-width-large:33.333333333333%;--awb-margin-top-large:0px;--awb-spacing-right-large:5.76%;--awb-margin-bottom-large:20px;--awb-spacing-left-large:5.76%;--awb-width-medium:33.333333333333%;--awb-order-medium:0;--awb-spacing-right-medium:5.76%;--awb-spacing-left-medium:5.76%;--awb-width-small:100%;--awb-order-small:0;--awb-spacing-right-small:1.92%;--awb-spacing-left-small:1.92%;\"><div class=\"fusion-column-wrapper fusion-column-has-shadow fusion-flex-justify-content-flex-start fusion-content-layout-column\"><div class=\"fusion-text fusion-text-4\" style=\"--awb-text-transform:none;\"><p><strong>Helmi \u0160utova<\/strong><br \/>\n\u0433\u043b\u0430\u0432\u043d\u044b\u0439 \u0431\u0443\u0445\u0433\u0430\u043b\u0442\u0435\u0440<br \/>\nEmail <a href=\"mailto:helmi@janeda.ee\">helmi@janeda.ee<\/a><br \/>\nTel 3849750<\/p>\n<\/div><\/div><\/div><div class=\"fusion-layout-column fusion_builder_column fusion-builder-column-4 fusion_builder_column_1_3 1_3 fusion-flex-column\" style=\"--awb-bg-size:cover;--awb-width-large:33.333333333333%;--awb-margin-top-large:0px;--awb-spacing-right-large:5.76%;--awb-margin-bottom-large:20px;--awb-spacing-left-large:5.76%;--awb-width-medium:33.333333333333%;--awb-order-medium:0;--awb-spacing-right-medium:5.76%;--awb-spacing-left-medium:5.76%;--awb-width-small:100%;--awb-order-small:0;--awb-spacing-right-small:1.92%;--awb-spacing-left-small:1.92%;\"><div class=\"fusion-column-wrapper fusion-column-has-shadow fusion-flex-justify-content-flex-start fusion-content-layout-column\"><div class=\"fusion-text fusion-text-5\" style=\"--awb-text-transform:none;\"><p><strong>Mari-Liis Palder<\/strong><br \/>\n\u041c\u0435\u043d\u0435\u0434\u0436\u0435\u0440 \u043f\u043e \u043f\u0440\u043e\u0434\u0430\u0436\u0430\u043c \u0438\u043b\u0438 \u043c\u0430\u0440\u043a\u0435\u0442\u0438\u043d\u0433\u0443<br \/>\n<strong>Email:<\/strong>\u00a0<a href=\"mailto:enno@janeda.ee\">info@janedaturism.ee<\/a><br \/>\n<strong>Telefon:<\/strong>\u00a0+372 3849 750<br \/>\n<strong>Mobiil:<\/strong>\u00a0+372 5681 4668<\/p>\n<\/div><\/div><\/div><div class=\"fusion-layout-column fusion_builder_column fusion-builder-column-5 fusion_builder_column_1_3 1_3 fusion-flex-column\" style=\"--awb-bg-size:cover;--awb-width-large:33.333333333333%;--awb-margin-top-large:0px;--awb-spacing-right-large:5.76%;--awb-margin-bottom-large:20px;--awb-spacing-left-large:5.76%;--awb-width-medium:33.333333333333%;--awb-order-medium:0;--awb-spacing-right-medium:5.76%;--awb-spacing-left-medium:5.76%;--awb-width-small:100%;--awb-order-small:0;--awb-spacing-right-small:1.92%;--awb-spacing-left-small:1.92%;\"><div class=\"fusion-column-wrapper fusion-column-has-shadow fusion-flex-justify-content-flex-start fusion-content-layout-column\"><div class=\"fusion-text fusion-text-6\" style=\"--awb-text-transform:none;\"><p><strong>Chris Oscar Sommer<\/strong><br \/>\n\u0433\u043e\u0442\u043e\u0432\u0438\u0442\u044c \u043f\u0438\u0449\u0443<\/p>\n<\/div><div class=\"fusion-text fusion-text-7\"><p><strong>Ene Neimla<\/strong><br \/>\n\u0431\u0430\u0440\u043c\u0435\u043d\u0448\u0430<\/p>\n<\/div><\/div><\/div><div class=\"fusion-layout-column fusion_builder_column fusion-builder-column-6 fusion_builder_column_1_3 1_3 fusion-flex-column\" style=\"--awb-bg-size:cover;--awb-width-large:33.333333333333%;--awb-margin-top-large:0px;--awb-spacing-right-large:5.76%;--awb-margin-bottom-large:20px;--awb-spacing-left-large:5.76%;--awb-width-medium:33.333333333333%;--awb-order-medium:0;--awb-spacing-right-medium:5.76%;--awb-spacing-left-medium:5.76%;--awb-width-small:100%;--awb-order-small:0;--awb-spacing-right-small:1.92%;--awb-spacing-left-small:1.92%;\"><div class=\"fusion-column-wrapper fusion-column-has-shadow fusion-flex-justify-content-flex-start fusion-content-layout-column\"><div class=\"fusion-text fusion-text-8\" style=\"--awb-text-transform:none;\"><p><strong>Ago Ilves<\/strong><br \/>\n\u0433\u043e\u0442\u043e\u0432\u0438\u0442\u044c \u043f\u0438\u0449\u0443<\/p>\n<\/div><div class=\"fusion-text fusion-text-9\"><p><strong>Piret Veermaa<br \/>\n<\/strong>\u0443\u0431\u043e\u0440\u043a\u0430<\/p>\n<\/div><\/div><\/div><\/div><\/div>\n","protected":false},"excerpt":{"rendered":"","protected":false},"author":1,"featured_media":0,"parent":1388,"menu_order":0,"comment_status":"closed","ping_status":"closed","template":"","meta":{"footnotes":""},"class_list":["post-1424","page","type-page","status-publish","hentry"],"yoast_head":"<!-- This site is optimized with the Yoast SEO plugin v27.4 - https:\/\/yoast.com\/product\/yoast-seo-wordpress\/ -->\n<title>\u041a\u043e\u043c\u0430\u043d\u0434\u0430 - J\u00e4neda M\u00f5is<\/title>\n<meta name=\"robots\" content=\"index, follow, max-snippet:-1, max-image-preview:large, max-video-preview:-1\" \/>\n<link rel=\"canonical\" href=\"https:\/\/janedaturism.ee\/ru\/o-firme\/komanda\/\" \/>\n<meta property=\"og:locale\" content=\"ru_RU\" \/>\n<meta property=\"og:type\" content=\"article\" \/>\n<meta property=\"og:title\" content=\"\u041a\u043e\u043c\u0430\u043d\u0434\u0430 - J\u00e4neda M\u00f5is\" \/>\n<meta property=\"og:url\" content=\"https:\/\/janedaturism.ee\/ru\/o-firme\/komanda\/\" \/>\n<meta property=\"og:site_name\" content=\"J\u00e4neda M\u00f5is\" \/>\n<meta property=\"article:publisher\" content=\"https:\/\/www.facebook.com\/pages\/Jneda-Misa-klalistemaja\/175778449138025\" \/>\n<meta property=\"article:modified_time\" content=\"2025-09-29T05:55:18+00:00\" \/>\n<meta name=\"twitter:card\" content=\"summary_large_image\" \/>\n<meta name=\"twitter:label1\" content=\"\u041f\u0440\u0438\u043c\u0435\u0440\u043d\u043e\u0435 \u0432\u0440\u0435\u043c\u044f \u0434\u043b\u044f \u0447\u0442\u0435\u043d\u0438\u044f\" \/>\n\t<meta name=\"twitter:data1\" content=\"1 \u043c\u0438\u043d\u0443\u0442\u0430\" \/>\n<script type=\"application\/ld+json\" class=\"yoast-schema-graph\">{\"@context\":\"https:\\\/\\\/schema.org\",\"@graph\":[{\"@type\":\"WebPage\",\"@id\":\"https:\\\/\\\/janedaturism.ee\\\/ru\\\/o-firme\\\/komanda\\\/\",\"url\":\"https:\\\/\\\/janedaturism.ee\\\/ru\\\/o-firme\\\/komanda\\\/\",\"name\":\"\u041a\u043e\u043c\u0430\u043d\u0434\u0430 - J\u00e4neda M\u00f5is\",\"isPartOf\":{\"@id\":\"https:\\\/\\\/janedaturism.ee\\\/ru\\\/#website\"},\"datePublished\":\"2022-01-11T12:15:08+00:00\",\"dateModified\":\"2025-09-29T05:55:18+00:00\",\"breadcrumb\":{\"@id\":\"https:\\\/\\\/janedaturism.ee\\\/ru\\\/o-firme\\\/komanda\\\/#breadcrumb\"},\"inLanguage\":\"ru-RU\",\"potentialAction\":[{\"@type\":\"ReadAction\",\"target\":[\"https:\\\/\\\/janedaturism.ee\\\/ru\\\/o-firme\\\/komanda\\\/\"]}]},{\"@type\":\"BreadcrumbList\",\"@id\":\"https:\\\/\\\/janedaturism.ee\\\/ru\\\/o-firme\\\/komanda\\\/#breadcrumb\",\"itemListElement\":[{\"@type\":\"ListItem\",\"position\":1,\"name\":\"Home\",\"item\":\"https:\\\/\\\/janedaturism.ee\\\/ru\\\/\"},{\"@type\":\"ListItem\",\"position\":2,\"name\":\"\u041e \u0444\u0438\u0440\u043c\u0435\",\"item\":\"https:\\\/\\\/janedaturism.ee\\\/ru\\\/o-firme\\\/\"},{\"@type\":\"ListItem\",\"position\":3,\"name\":\"\u041a\u043e\u043c\u0430\u043d\u0434\u0430\"}]},{\"@type\":\"WebSite\",\"@id\":\"https:\\\/\\\/janedaturism.ee\\\/ru\\\/#website\",\"url\":\"https:\\\/\\\/janedaturism.ee\\\/ru\\\/\",\"name\":\"J\u00e4neda M\u00f5is\",\"description\":\"\",\"publisher\":{\"@id\":\"https:\\\/\\\/janedaturism.ee\\\/ru\\\/#organization\"},\"potentialAction\":[{\"@type\":\"SearchAction\",\"target\":{\"@type\":\"EntryPoint\",\"urlTemplate\":\"https:\\\/\\\/janedaturism.ee\\\/ru\\\/?s={search_term_string}\"},\"query-input\":{\"@type\":\"PropertyValueSpecification\",\"valueRequired\":true,\"valueName\":\"search_term_string\"}}],\"inLanguage\":\"ru-RU\"},{\"@type\":\"Organization\",\"@id\":\"https:\\\/\\\/janedaturism.ee\\\/ru\\\/#organization\",\"name\":\"J\u00e4neda M\u00f5is O\u00dc\",\"url\":\"https:\\\/\\\/janedaturism.ee\\\/ru\\\/\",\"logo\":{\"@type\":\"ImageObject\",\"inLanguage\":\"ru-RU\",\"@id\":\"https:\\\/\\\/janedaturism.ee\\\/ru\\\/#\\\/schema\\\/logo\\\/image\\\/\",\"url\":\"https:\\\/\\\/janedaturism.ee\\\/wp-content\\\/uploads\\\/2022\\\/05\\\/Janeda_350.png\",\"contentUrl\":\"https:\\\/\\\/janedaturism.ee\\\/wp-content\\\/uploads\\\/2022\\\/05\\\/Janeda_350.png\",\"width\":350,\"height\":272,\"caption\":\"J\u00e4neda M\u00f5is O\u00dc\"},\"image\":{\"@id\":\"https:\\\/\\\/janedaturism.ee\\\/ru\\\/#\\\/schema\\\/logo\\\/image\\\/\"},\"sameAs\":[\"https:\\\/\\\/www.facebook.com\\\/pages\\\/Jneda-Misa-klalistemaja\\\/175778449138025\"]}]}<\/script>\n<!-- \/ Yoast SEO plugin. -->","yoast_head_json":{"title":"\u041a\u043e\u043c\u0430\u043d\u0434\u0430 - J\u00e4neda M\u00f5is","robots":{"index":"index","follow":"follow","max-snippet":"max-snippet:-1","max-image-preview":"max-image-preview:large","max-video-preview":"max-video-preview:-1"},"canonical":"https:\/\/janedaturism.ee\/ru\/o-firme\/komanda\/","og_locale":"ru_RU","og_type":"article","og_title":"\u041a\u043e\u043c\u0430\u043d\u0434\u0430 - J\u00e4neda M\u00f5is","og_url":"https:\/\/janedaturism.ee\/ru\/o-firme\/komanda\/","og_site_name":"J\u00e4neda M\u00f5is","article_publisher":"https:\/\/www.facebook.com\/pages\/Jneda-Misa-klalistemaja\/175778449138025","article_modified_time":"2025-09-29T05:55:18+00:00","twitter_card":"summary_large_image","twitter_misc":{"\u041f\u0440\u0438\u043c\u0435\u0440\u043d\u043e\u0435 \u0432\u0440\u0435\u043c\u044f \u0434\u043b\u044f \u0447\u0442\u0435\u043d\u0438\u044f":"1 \u043c\u0438\u043d\u0443\u0442\u0430"},"schema":{"@context":"https:\/\/schema.org","@graph":[{"@type":"WebPage","@id":"https:\/\/janedaturism.ee\/ru\/o-firme\/komanda\/","url":"https:\/\/janedaturism.ee\/ru\/o-firme\/komanda\/","name":"\u041a\u043e\u043c\u0430\u043d\u0434\u0430 - J\u00e4neda M\u00f5is","isPartOf":{"@id":"https:\/\/janedaturism.ee\/ru\/#website"},"datePublished":"2022-01-11T12:15:08+00:00","dateModified":"2025-09-29T05:55:18+00:00","breadcrumb":{"@id":"https:\/\/janedaturism.ee\/ru\/o-firme\/komanda\/#breadcrumb"},"inLanguage":"ru-RU","potentialAction":[{"@type":"ReadAction","target":["https:\/\/janedaturism.ee\/ru\/o-firme\/komanda\/"]}]},{"@type":"BreadcrumbList","@id":"https:\/\/janedaturism.ee\/ru\/o-firme\/komanda\/#breadcrumb","itemListElement":[{"@type":"ListItem","position":1,"name":"Home","item":"https:\/\/janedaturism.ee\/ru\/"},{"@type":"ListItem","position":2,"name":"\u041e \u0444\u0438\u0440\u043c\u0435","item":"https:\/\/janedaturism.ee\/ru\/o-firme\/"},{"@type":"ListItem","position":3,"name":"\u041a\u043e\u043c\u0430\u043d\u0434\u0430"}]},{"@type":"WebSite","@id":"https:\/\/janedaturism.ee\/ru\/#website","url":"https:\/\/janedaturism.ee\/ru\/","name":"J\u00e4neda M\u00f5is","description":"","publisher":{"@id":"https:\/\/janedaturism.ee\/ru\/#organization"},"potentialAction":[{"@type":"SearchAction","target":{"@type":"EntryPoint","urlTemplate":"https:\/\/janedaturism.ee\/ru\/?s={search_term_string}"},"query-input":{"@type":"PropertyValueSpecification","valueRequired":true,"valueName":"search_term_string"}}],"inLanguage":"ru-RU"},{"@type":"Organization","@id":"https:\/\/janedaturism.ee\/ru\/#organization","name":"J\u00e4neda M\u00f5is O\u00dc","url":"https:\/\/janedaturism.ee\/ru\/","logo":{"@type":"ImageObject","inLanguage":"ru-RU","@id":"https:\/\/janedaturism.ee\/ru\/#\/schema\/logo\/image\/","url":"https:\/\/janedaturism.ee\/wp-content\/uploads\/2022\/05\/Janeda_350.png","contentUrl":"https:\/\/janedaturism.ee\/wp-content\/uploads\/2022\/05\/Janeda_350.png","width":350,"height":272,"caption":"J\u00e4neda M\u00f5is O\u00dc"},"image":{"@id":"https:\/\/janedaturism.ee\/ru\/#\/schema\/logo\/image\/"},"sameAs":["https:\/\/www.facebook.com\/pages\/Jneda-Misa-klalistemaja\/175778449138025"]}]}},"_links":{"self":[{"href":"https:\/\/janedaturism.ee\/ru\/wp-json\/wp\/v2\/pages\/1424","targetHints":{"allow":["GET"]}}],"collection":[{"href":"https:\/\/janedaturism.ee\/ru\/wp-json\/wp\/v2\/pages"}],"about":[{"href":"https:\/\/janedaturism.ee\/ru\/wp-json\/wp\/v2\/types\/page"}],"author":[{"embeddable":true,"href":"https:\/\/janedaturism.ee\/ru\/wp-json\/wp\/v2\/users\/1"}],"replies":[{"embeddable":true,"href":"https:\/\/janedaturism.ee\/ru\/wp-json\/wp\/v2\/comments?post=1424"}],"version-history":[{"count":2,"href":"https:\/\/janedaturism.ee\/ru\/wp-json\/wp\/v2\/pages\/1424\/revisions"}],"predecessor-version":[{"id":4928,"href":"https:\/\/janedaturism.ee\/ru\/wp-json\/wp\/v2\/pages\/1424\/revisions\/4928"}],"up":[{"embeddable":true,"href":"https:\/\/janedaturism.ee\/ru\/wp-json\/wp\/v2\/pages\/1388"}],"wp:attachment":[{"href":"https:\/\/janedaturism.ee\/ru\/wp-json\/wp\/v2\/media?parent=1424"}],"curies":[{"name":"wp","href":"https:\/\/api.w.org\/{rel}","templated":true}]}}