{"id":1407,"date":"2022-01-20T09:40:01","date_gmt":"2022-01-20T06:40:01","guid":{"rendered":"https:\/\/janedaturism.ee\/%d0%bf%d1%80%d0%b5%d0%b7%d0%b8%d0%b4%d0%b5%d0%bd%d1%82%d1%81%d0%ba%d0%b8%d0%b9-%d0%bf%d0%be%d1%85%d0%be%d0%b4\/"},"modified":"2023-01-13T10:42:26","modified_gmt":"2023-01-13T08:42:26","slug":"prezidentskij-pohod","status":"publish","type":"page","link":"https:\/\/janedaturism.ee\/ru\/prezidentskij-pohod\/","title":{"rendered":"\u041f\u0440\u0435\u0437\u0438\u0434\u0435\u043d\u0442\u0441\u043a\u0438\u0439 \u043f\u043e\u0445\u043e\u0434"},"content":{"rendered":"<div class=\"fusion-fullwidth fullwidth-box fusion-builder-row-1 fusion-flex-container nonhundred-percent-fullwidth non-hundred-percent-height-scrolling\" style=\"--awb-border-radius-top-left:0px;--awb-border-radius-top-right:0px;--awb-border-radius-bottom-right:0px;--awb-border-radius-bottom-left:0px;--awb-flex-wrap:wrap;\" ><div class=\"fusion-builder-row fusion-row fusion-flex-align-items-flex-start fusion-flex-content-wrap\" style=\"max-width:1248px;margin-left: calc(-4% \/ 2 );margin-right: calc(-4% \/ 2 );\"><div class=\"fusion-layout-column fusion_builder_column fusion-builder-column-0 fusion_builder_column_1_1 1_1 fusion-flex-column\" style=\"--awb-bg-size:cover;--awb-width-large:100%;--awb-margin-top-large:0px;--awb-spacing-right-large:1.92%;--awb-margin-bottom-large:20px;--awb-spacing-left-large:1.92%;--awb-width-medium:100%;--awb-order-medium:0;--awb-spacing-right-medium:1.92%;--awb-spacing-left-medium:1.92%;--awb-width-small:100%;--awb-order-small:0;--awb-spacing-right-small:1.92%;--awb-spacing-left-small:1.92%;\"><div class=\"fusion-column-wrapper fusion-column-has-shadow fusion-flex-justify-content-flex-start fusion-content-layout-column\"><div class=\"fusion-text fusion-text-1\" style=\"--awb-text-transform:none;\"><h1>\u041f\u0440\u0435\u0437\u0438\u0434\u0435\u043d\u0442\u0441\u043a\u0438\u0439 \u043f\u043e\u0445\u043e\u0434<\/h1>\n<p>\u041a\u043e\u043d\u0441\u0442\u0430\u043d\u0442\u0438\u043d \u041f\u044f\u0442\u0441, \u043f\u0435\u0440\u0432\u044b\u0439 \u043f\u0440\u0435\u0437\u0438\u0434\u0435\u043d\u0442 \u042d\u0441\u0442\u043e\u043d\u0441\u043a\u043e\u0439 \u0420\u0435\u0441\u043f\u0443\u0431\u043b\u0438\u043a\u0438, \u0441\u044b\u0433\u0440\u0430\u043b \u0432\u0430\u0436\u043d\u0443\u044e \u0440\u043e\u043b\u044c \u0432 \u0440\u0430\u0437\u0432\u0438\u0442\u0438\u0438 \u0438 \u043f\u043e\u043f\u0443\u043b\u044f\u0440\u0438\u0437\u0430\u0446\u0438\u0438 \u043d\u0430\u0448\u0435\u0433\u043e \u0440\u0435\u0433\u0438\u043e\u043d\u0430 \u0438 \u0432 \u0441\u043e\u0437\u0434\u0430\u043d\u0438\u0438 \u0421\u0435\u043b\u044c\u0441\u043a\u043e\u0445\u043e\u0437\u044f\u0439\u0441\u0442\u0432\u0435\u043d\u043d\u043e\u0439 \u0448\u043a\u043e\u043b\u044b \u042f\u043d\u0435\u0434\u0430, \u0438 \u043d\u0430 \u043f\u0440\u043e\u0442\u044f\u0436\u0435\u043d\u0438\u0438 \u0432\u0441\u0435\u0433\u043e \u0441\u0432\u043e\u0435\u0433\u043e \u043f\u0440\u0435\u0437\u0438\u0434\u0435\u043d\u0442\u0441\u0442\u0432\u0430 \u043e\u0442\u0432\u0435\u0447\u0430\u043b \u0437\u0430 \u0435\u0435 \u0431\u043b\u0430\u0433\u043e\u043f\u043e\u043b\u0443\u0447\u0438\u0435. \u0412 1935 \u0433\u043e\u0434\u0443 \u0440\u0435\u0431\u044f\u0442\u0430 \u0438\u0437 \u0421\u0435\u043b\u044c\u0441\u043a\u043e\u0445\u043e\u0437\u044f\u0439\u0441\u0442\u0432\u0435\u043d\u043d\u043e\u0439 \u0448\u043a\u043e\u043b\u044b \u042f\u043d\u0435\u0434\u0430 \u0438\u043d\u0438\u0446\u0438\u0438\u0440\u043e\u0432\u0430\u043b\u0438 \u043f\u0440\u043e\u0432\u0435\u0434\u0435\u043d\u0438\u0435 \u043e\u0431\u0449\u0435\u043d\u0430\u0446\u0438\u043e\u043d\u0430\u043b\u044c\u043d\u043e\u0433\u043e \u0447\u0435\u043c\u043f\u0438\u043e\u043d\u0430\u0442\u0430 \u043f\u043e \u043b\u044b\u0436\u043d\u044b\u043c \u0433\u043e\u043d\u043a\u0430\u043c \u0441\u0440\u0435\u0434\u0438 \u0441\u0435\u043b\u044c\u0441\u043a\u043e\u0445\u043e\u0437\u044f\u0439\u0441\u0442\u0432\u0435\u043d\u043d\u044b\u0445 \u0448\u043a\u043e\u043b. \u0412 \u044d\u0442\u043e\u043c \u0436\u0435 \u0443\u0447\u0440\u0435\u0436\u0434\u0435\u043d\u0438\u0438 \u0443\u0447\u0438\u043b\u0441\u044f \u0438 \u0441\u043b\u0435\u0434\u043e\u0432\u0430\u043b \u0442\u0440\u0430\u0434\u0438\u0446\u0438\u044f\u043c \u043f\u0440\u0435\u0437\u0438\u0434\u0435\u043d\u0442 \u0410\u0440\u043d\u043e\u043b\u044c\u0434 \u0420\u044e\u0439\u0442\u0435\u043b\u044c (27 \u0432\u044b\u043f\u0443\u0441\u043a). \u0422\u0430\u043a, \u0434\u0432\u0430 \u043f\u0440\u0435\u0437\u0438\u0434\u0435\u043d\u0442\u0430 \u042d\u0441\u0442\u043e\u043d\u0438\u0438 \u0445\u043e\u0434\u0438\u043b\u0438 \u043f\u043e \u0442\u0435\u043c \u0436\u0435 \u043b\u0435\u0441\u043d\u044b\u043c \u0442\u0440\u043e\u043f\u0430\u043c, \u043a\u043e\u0442\u043e\u0440\u044b\u0435 \u043f\u0440\u0435\u0432\u0440\u0430\u0442\u0438\u043b\u0438\u0441\u044c \u0432 \u0442. \u043d. &#171;\u041f\u0440\u0435\u0437\u0438\u0434\u0435\u043d\u0442\u0441\u043a\u0443\u044e \u043f\u0435\u0448\u0435\u0445\u043e\u0434\u043d\u0443\u044e \u0442\u0440\u043e\u043f\u0443&#187;.<\/p>\n<p><span class=\"HwtZe\" lang=\"ru\"><span class=\"jCAhz ChMk0b\"><span class=\"ryNqvb\">\u041f\u0440\u0435\u0437\u0438\u0434\u0435\u043d\u0442\u0441\u043a\u0438\u0439 <\/span><\/span><\/span><span class=\"HwtZe\" lang=\"ru\"><span class=\"jCAhz ChMk0b\"><span class=\"ryNqvb\">\u041f\u043e\u0445\u043e\u0434 \u0441\u043e\u0441\u0442\u043e\u0438\u0442\u0441\u044f \u0441\u043d\u043e\u0432\u0430, \u0432 2023. \u0433\u043e\u0434\u0443 26. \u0444\u0435\u0432\u0440\u0430\u043b\u044f.<\/span><\/span><\/span><\/p>\n<p>\u0421\u043c\u043e\u0442\u0440\u0438\u0442\u0435 \u0442\u0430\u043a\u0436\u0435 <a href=\"https:\/\/www.presidendirada.ee\/presidendimatk\" target=\"_blank\" rel=\"noopener\">presidendirada.ee<\/a><\/p>\n<\/div><\/div><\/div><div class=\"fusion-layout-column fusion_builder_column fusion-builder-column-1 fusion_builder_column_1_1 1_1 fusion-flex-column\" style=\"--awb-bg-size:cover;--awb-width-large:100%;--awb-margin-top-large:0px;--awb-spacing-right-large:1.92%;--awb-margin-bottom-large:20px;--awb-spacing-left-large:1.92%;--awb-width-medium:100%;--awb-order-medium:0;--awb-spacing-right-medium:1.92%;--awb-spacing-left-medium:1.92%;--awb-width-small:100%;--awb-order-small:0;--awb-spacing-right-small:1.92%;--awb-spacing-left-small:1.92%;\"><div class=\"fusion-column-wrapper fusion-column-has-shadow fusion-flex-justify-content-flex-start fusion-content-layout-column\"><div class=\"awb-gallery-wrapper awb-gallery-wrapper-1 button-span-no\"><div style=\"margin:-5px;--awb-bordersize:0px;\" class=\"fusion-gallery fusion-gallery-container fusion-grid-3 fusion-columns-total-9 fusion-gallery-layout-grid fusion-gallery-1\"><div style=\"padding:5px;\" class=\"fusion-grid-column fusion-gallery-column fusion-gallery-column-3 hover-type-none\"><div class=\"fusion-gallery-image\"><a href=\"https:\/\/janedaturism.ee\/wp-content\/uploads\/2022\/01\/Yhispilt-PM_2019.jpg\" rel=\"noreferrer\" data-rel=\"iLightbox[gallery_image_1]\" class=\"fusion-lightbox\" target=\"_self\"><img decoding=\"async\" src=\"https:\/\/janedaturism.ee\/wp-content\/uploads\/2022\/01\/Yhispilt-PM_2019.jpg\" width=\"1200\" height=\"633\" alt=\"J\u00e4neda presidendimatk 2019\" title=\"Yhispilt-PM_2019\" aria-label=\"Yhispilt-PM_2019\" class=\"img-responsive wp-image-326\" srcset=\"https:\/\/janedaturism.ee\/wp-content\/uploads\/2022\/01\/Yhispilt-PM_2019-200x106.jpg 200w, https:\/\/janedaturism.ee\/wp-content\/uploads\/2022\/01\/Yhispilt-PM_2019-400x211.jpg 400w, https:\/\/janedaturism.ee\/wp-content\/uploads\/2022\/01\/Yhispilt-PM_2019-600x317.jpg 600w, https:\/\/janedaturism.ee\/wp-content\/uploads\/2022\/01\/Yhispilt-PM_2019-800x422.jpg 800w, https:\/\/janedaturism.ee\/wp-content\/uploads\/2022\/01\/Yhispilt-PM_2019.jpg 1200w\" sizes=\"(min-width: 2200px) 100vw, (min-width: 784px) 397px, (min-width: 712px) 595px, (min-width: 640px) 712px, \" \/><\/a><\/div><\/div><div style=\"padding:5px;\" class=\"fusion-grid-column fusion-gallery-column fusion-gallery-column-3 hover-type-none\"><div class=\"fusion-gallery-image\"><a href=\"https:\/\/janedaturism.ee\/wp-content\/uploads\/2022\/01\/Pr_matk_2018_YP_AEGVIIDU.jpg\" rel=\"noreferrer\" data-rel=\"iLightbox[gallery_image_1]\" class=\"fusion-lightbox\" target=\"_self\"><img decoding=\"async\" src=\"https:\/\/janedaturism.ee\/wp-content\/uploads\/2022\/01\/Pr_matk_2018_YP_AEGVIIDU.jpg\" width=\"1200\" height=\"675\" alt=\"\" title=\"Pr_matk_2018_YP_AEGVIIDU\" aria-label=\"Pr_matk_2018_YP_AEGVIIDU\" class=\"img-responsive wp-image-324\" srcset=\"https:\/\/janedaturism.ee\/wp-content\/uploads\/2022\/01\/Pr_matk_2018_YP_AEGVIIDU-200x113.jpg 200w, https:\/\/janedaturism.ee\/wp-content\/uploads\/2022\/01\/Pr_matk_2018_YP_AEGVIIDU-400x225.jpg 400w, https:\/\/janedaturism.ee\/wp-content\/uploads\/2022\/01\/Pr_matk_2018_YP_AEGVIIDU-600x338.jpg 600w, https:\/\/janedaturism.ee\/wp-content\/uploads\/2022\/01\/Pr_matk_2018_YP_AEGVIIDU-800x450.jpg 800w, https:\/\/janedaturism.ee\/wp-content\/uploads\/2022\/01\/Pr_matk_2018_YP_AEGVIIDU.jpg 1200w\" sizes=\"(min-width: 2200px) 100vw, (min-width: 784px) 397px, (min-width: 712px) 595px, (min-width: 640px) 712px, \" \/><\/a><\/div><\/div><div style=\"padding:5px;\" class=\"fusion-grid-column fusion-gallery-column fusion-gallery-column-3 hover-type-none\"><div class=\"fusion-gallery-image\"><a href=\"https:\/\/janedaturism.ee\/wp-content\/uploads\/2022\/01\/Pr_matk_2018_YP_JANEDA.jpg\" rel=\"noreferrer\" data-rel=\"iLightbox[gallery_image_1]\" class=\"fusion-lightbox\" target=\"_self\"><img decoding=\"async\" src=\"https:\/\/janedaturism.ee\/wp-content\/uploads\/2022\/01\/Pr_matk_2018_YP_JANEDA.jpg\" width=\"1200\" height=\"675\" alt=\"J\u00e4neda presidendimatk \" title=\"Pr_matk_2018_YP_JANEDA\" aria-label=\"Pr_matk_2018_YP_JANEDA\" class=\"img-responsive wp-image-325\" srcset=\"https:\/\/janedaturism.ee\/wp-content\/uploads\/2022\/01\/Pr_matk_2018_YP_JANEDA-200x113.jpg 200w, https:\/\/janedaturism.ee\/wp-content\/uploads\/2022\/01\/Pr_matk_2018_YP_JANEDA-400x225.jpg 400w, https:\/\/janedaturism.ee\/wp-content\/uploads\/2022\/01\/Pr_matk_2018_YP_JANEDA-600x338.jpg 600w, https:\/\/janedaturism.ee\/wp-content\/uploads\/2022\/01\/Pr_matk_2018_YP_JANEDA-800x450.jpg 800w, https:\/\/janedaturism.ee\/wp-content\/uploads\/2022\/01\/Pr_matk_2018_YP_JANEDA.jpg 1200w\" sizes=\"(min-width: 2200px) 100vw, (min-width: 784px) 397px, (min-width: 712px) 595px, (min-width: 640px) 712px, \" \/><\/a><\/div><\/div><div class=\"clearfix\"><\/div><div style=\"padding:5px;\" class=\"fusion-grid-column fusion-gallery-column fusion-gallery-column-3 hover-type-none\"><div class=\"fusion-gallery-image\"><a href=\"https:\/\/janedaturism.ee\/wp-content\/uploads\/2022\/01\/PM_2017_YP_AP2.jpg\" rel=\"noreferrer\" data-rel=\"iLightbox[gallery_image_1]\" class=\"fusion-lightbox\" target=\"_self\"><img decoding=\"async\" src=\"https:\/\/janedaturism.ee\/wp-content\/uploads\/2022\/01\/PM_2017_YP_AP2.jpg\" width=\"1200\" height=\"800\" alt=\"\" title=\"PM_2017_YP_AP2\" aria-label=\"PM_2017_YP_AP2\" class=\"img-responsive wp-image-322\" srcset=\"https:\/\/janedaturism.ee\/wp-content\/uploads\/2022\/01\/PM_2017_YP_AP2-200x133.jpg 200w, https:\/\/janedaturism.ee\/wp-content\/uploads\/2022\/01\/PM_2017_YP_AP2-400x267.jpg 400w, https:\/\/janedaturism.ee\/wp-content\/uploads\/2022\/01\/PM_2017_YP_AP2-600x400.jpg 600w, https:\/\/janedaturism.ee\/wp-content\/uploads\/2022\/01\/PM_2017_YP_AP2-800x533.jpg 800w, https:\/\/janedaturism.ee\/wp-content\/uploads\/2022\/01\/PM_2017_YP_AP2.jpg 1200w\" sizes=\"(min-width: 2200px) 100vw, (min-width: 784px) 397px, (min-width: 712px) 595px, (min-width: 640px) 712px, \" \/><\/a><\/div><\/div><div style=\"padding:5px;\" class=\"fusion-grid-column fusion-gallery-column fusion-gallery-column-3 hover-type-none\"><div class=\"fusion-gallery-image\"><a href=\"https:\/\/janedaturism.ee\/wp-content\/uploads\/2022\/01\/PM_2017_YP_EL2.jpg\" rel=\"noreferrer\" data-rel=\"iLightbox[gallery_image_1]\" class=\"fusion-lightbox\" target=\"_self\"><img decoding=\"async\" src=\"https:\/\/janedaturism.ee\/wp-content\/uploads\/2022\/01\/PM_2017_YP_EL2.jpg\" width=\"1200\" height=\"800\" alt=\"\" title=\"PM_2017_YP_EL2\" aria-label=\"PM_2017_YP_EL2\" class=\"img-responsive wp-image-323\" srcset=\"https:\/\/janedaturism.ee\/wp-content\/uploads\/2022\/01\/PM_2017_YP_EL2-200x133.jpg 200w, https:\/\/janedaturism.ee\/wp-content\/uploads\/2022\/01\/PM_2017_YP_EL2-400x267.jpg 400w, https:\/\/janedaturism.ee\/wp-content\/uploads\/2022\/01\/PM_2017_YP_EL2-600x400.jpg 600w, https:\/\/janedaturism.ee\/wp-content\/uploads\/2022\/01\/PM_2017_YP_EL2-800x533.jpg 800w, https:\/\/janedaturism.ee\/wp-content\/uploads\/2022\/01\/PM_2017_YP_EL2.jpg 1200w\" sizes=\"(min-width: 2200px) 100vw, (min-width: 784px) 397px, (min-width: 712px) 595px, (min-width: 640px) 712px, \" \/><\/a><\/div><\/div><div style=\"padding:5px;\" class=\"fusion-grid-column fusion-gallery-column fusion-gallery-column-3 hover-type-none\"><div class=\"fusion-gallery-image\"><a href=\"https:\/\/janedaturism.ee\/wp-content\/uploads\/2022\/01\/YP-2016-full.jpg\" rel=\"noreferrer\" data-rel=\"iLightbox[gallery_image_1]\" class=\"fusion-lightbox\" target=\"_self\"><img decoding=\"async\" src=\"https:\/\/janedaturism.ee\/wp-content\/uploads\/2022\/01\/YP-2016-full.jpg\" width=\"1200\" height=\"800\" alt=\"J\u00e4neda presidendimatk \" title=\"YP-2016-full\" aria-label=\"YP-2016-full\" class=\"img-responsive wp-image-327\" srcset=\"https:\/\/janedaturism.ee\/wp-content\/uploads\/2022\/01\/YP-2016-full-200x133.jpg 200w, https:\/\/janedaturism.ee\/wp-content\/uploads\/2022\/01\/YP-2016-full-400x267.jpg 400w, https:\/\/janedaturism.ee\/wp-content\/uploads\/2022\/01\/YP-2016-full-600x400.jpg 600w, https:\/\/janedaturism.ee\/wp-content\/uploads\/2022\/01\/YP-2016-full-800x533.jpg 800w, https:\/\/janedaturism.ee\/wp-content\/uploads\/2022\/01\/YP-2016-full.jpg 1200w\" sizes=\"(min-width: 2200px) 100vw, (min-width: 784px) 397px, (min-width: 712px) 595px, (min-width: 640px) 712px, \" \/><\/a><\/div><\/div><div class=\"clearfix\"><\/div><div style=\"padding:5px;\" class=\"fusion-grid-column fusion-gallery-column fusion-gallery-column-3 hover-type-none\"><div class=\"fusion-gallery-image\"><a href=\"https:\/\/janedaturism.ee\/wp-content\/uploads\/2022\/01\/PM_YP_2015_RGB.jpg\" rel=\"noreferrer\" data-rel=\"iLightbox[gallery_image_1]\" class=\"fusion-lightbox\" target=\"_self\"><img decoding=\"async\" src=\"https:\/\/janedaturism.ee\/wp-content\/uploads\/2022\/01\/PM_YP_2015_RGB.jpg\" width=\"1200\" height=\"800\" alt=\"J\u00e4neda presidendimatk 2015\" title=\"PM_YP_2015_RGB\" aria-label=\"PM_YP_2015_RGB\" class=\"img-responsive wp-image-336\" srcset=\"https:\/\/janedaturism.ee\/wp-content\/uploads\/2022\/01\/PM_YP_2015_RGB-200x133.jpg 200w, https:\/\/janedaturism.ee\/wp-content\/uploads\/2022\/01\/PM_YP_2015_RGB-400x267.jpg 400w, https:\/\/janedaturism.ee\/wp-content\/uploads\/2022\/01\/PM_YP_2015_RGB-600x400.jpg 600w, https:\/\/janedaturism.ee\/wp-content\/uploads\/2022\/01\/PM_YP_2015_RGB-800x533.jpg 800w, https:\/\/janedaturism.ee\/wp-content\/uploads\/2022\/01\/PM_YP_2015_RGB.jpg 1200w\" sizes=\"(min-width: 2200px) 100vw, (min-width: 784px) 397px, (min-width: 712px) 595px, (min-width: 640px) 712px, \" \/><\/a><\/div><\/div><div style=\"padding:5px;\" class=\"fusion-grid-column fusion-gallery-column fusion-gallery-column-3 hover-type-none\"><div class=\"fusion-gallery-image\"><a href=\"https:\/\/janedaturism.ee\/wp-content\/uploads\/2022\/01\/Presidendimatk_Yhispilt_2014_foto_E_Looper.jpg\" rel=\"noreferrer\" data-rel=\"iLightbox[gallery_image_1]\" class=\"fusion-lightbox\" target=\"_self\"><img decoding=\"async\" src=\"https:\/\/janedaturism.ee\/wp-content\/uploads\/2022\/01\/Presidendimatk_Yhispilt_2014_foto_E_Looper.jpg\" width=\"1200\" height=\"800\" alt=\"J\u00e4neda presidendimatk 2014\" title=\"Presidendimatk_Yhispilt_2014_foto_E_Looper\" aria-label=\"Presidendimatk_Yhispilt_2014_foto_E_Looper\" class=\"img-responsive wp-image-337\" srcset=\"https:\/\/janedaturism.ee\/wp-content\/uploads\/2022\/01\/Presidendimatk_Yhispilt_2014_foto_E_Looper-200x133.jpg 200w, https:\/\/janedaturism.ee\/wp-content\/uploads\/2022\/01\/Presidendimatk_Yhispilt_2014_foto_E_Looper-400x267.jpg 400w, https:\/\/janedaturism.ee\/wp-content\/uploads\/2022\/01\/Presidendimatk_Yhispilt_2014_foto_E_Looper-600x400.jpg 600w, https:\/\/janedaturism.ee\/wp-content\/uploads\/2022\/01\/Presidendimatk_Yhispilt_2014_foto_E_Looper-800x533.jpg 800w, https:\/\/janedaturism.ee\/wp-content\/uploads\/2022\/01\/Presidendimatk_Yhispilt_2014_foto_E_Looper.jpg 1200w\" sizes=\"(min-width: 2200px) 100vw, (min-width: 784px) 397px, (min-width: 712px) 595px, (min-width: 640px) 712px, \" \/><\/a><\/div><\/div><div style=\"padding:5px;\" class=\"fusion-grid-column fusion-gallery-column fusion-gallery-column-3 hover-type-none\"><div class=\"fusion-gallery-image\"><a href=\"https:\/\/janedaturism.ee\/wp-content\/uploads\/2022\/01\/Yhispilt_2013_1920_x_1280_16_91.jpg\" rel=\"noreferrer\" data-rel=\"iLightbox[gallery_image_1]\" class=\"fusion-lightbox\" target=\"_self\"><img decoding=\"async\" src=\"https:\/\/janedaturism.ee\/wp-content\/uploads\/2022\/01\/Yhispilt_2013_1920_x_1280_16_91.jpg\" width=\"1200\" height=\"675\" alt=\"J\u00e4neda presidendimatk \" title=\"Yhispilt_2013_1920_x_1280_16_9(1)\" aria-label=\"Yhispilt_2013_1920_x_1280_16_9(1)\" class=\"img-responsive wp-image-333\" srcset=\"https:\/\/janedaturism.ee\/wp-content\/uploads\/2022\/01\/Yhispilt_2013_1920_x_1280_16_91-200x113.jpg 200w, https:\/\/janedaturism.ee\/wp-content\/uploads\/2022\/01\/Yhispilt_2013_1920_x_1280_16_91-400x225.jpg 400w, https:\/\/janedaturism.ee\/wp-content\/uploads\/2022\/01\/Yhispilt_2013_1920_x_1280_16_91-600x338.jpg 600w, https:\/\/janedaturism.ee\/wp-content\/uploads\/2022\/01\/Yhispilt_2013_1920_x_1280_16_91-800x450.jpg 800w, https:\/\/janedaturism.ee\/wp-content\/uploads\/2022\/01\/Yhispilt_2013_1920_x_1280_16_91.jpg 1200w\" sizes=\"(min-width: 2200px) 100vw, (min-width: 784px) 397px, (min-width: 712px) 595px, (min-width: 640px) 712px, \" \/><\/a><\/div><\/div><div class=\"clearfix\"><\/div><\/div><\/div><\/div><\/div><\/div><\/div>\n","protected":false},"excerpt":{"rendered":"","protected":false},"author":1,"featured_media":0,"parent":0,"menu_order":0,"comment_status":"closed","ping_status":"closed","template":"","meta":{"footnotes":""},"class_list":["post-1407","page","type-page","status-publish","hentry"],"yoast_head":"<!-- This site is optimized with the Yoast SEO plugin v27.4 - https:\/\/yoast.com\/product\/yoast-seo-wordpress\/ -->\n<title>\u041f\u0440\u0435\u0437\u0438\u0434\u0435\u043d\u0442\u0441\u043a\u0438\u0439 \u043f\u043e\u0445\u043e\u0434 - J\u00e4neda M\u00f5is<\/title>\n<meta name=\"robots\" content=\"index, follow, max-snippet:-1, max-image-preview:large, max-video-preview:-1\" \/>\n<link rel=\"canonical\" href=\"https:\/\/janedaturism.ee\/ru\/prezidentskij-pohod\/\" \/>\n<meta property=\"og:locale\" content=\"ru_RU\" \/>\n<meta property=\"og:type\" content=\"article\" \/>\n<meta property=\"og:title\" content=\"\u041f\u0440\u0435\u0437\u0438\u0434\u0435\u043d\u0442\u0441\u043a\u0438\u0439 \u043f\u043e\u0445\u043e\u0434 - J\u00e4neda M\u00f5is\" \/>\n<meta property=\"og:url\" content=\"https:\/\/janedaturism.ee\/ru\/prezidentskij-pohod\/\" \/>\n<meta property=\"og:site_name\" content=\"J\u00e4neda M\u00f5is\" \/>\n<meta property=\"article:publisher\" content=\"https:\/\/www.facebook.com\/pages\/Jneda-Misa-klalistemaja\/175778449138025\" \/>\n<meta property=\"article:modified_time\" content=\"2023-01-13T08:42:26+00:00\" \/>\n<meta name=\"twitter:card\" content=\"summary_large_image\" \/>\n<meta name=\"twitter:label1\" content=\"\u041f\u0440\u0438\u043c\u0435\u0440\u043d\u043e\u0435 \u0432\u0440\u0435\u043c\u044f \u0434\u043b\u044f \u0447\u0442\u0435\u043d\u0438\u044f\" \/>\n\t<meta name=\"twitter:data1\" content=\"3 \u043c\u0438\u043d\u0443\u0442\u044b\" \/>\n<script type=\"application\/ld+json\" class=\"yoast-schema-graph\">{\"@context\":\"https:\\\/\\\/schema.org\",\"@graph\":[{\"@type\":\"WebPage\",\"@id\":\"https:\\\/\\\/janedaturism.ee\\\/ru\\\/prezidentskij-pohod\\\/\",\"url\":\"https:\\\/\\\/janedaturism.ee\\\/ru\\\/prezidentskij-pohod\\\/\",\"name\":\"\u041f\u0440\u0435\u0437\u0438\u0434\u0435\u043d\u0442\u0441\u043a\u0438\u0439 \u043f\u043e\u0445\u043e\u0434 - J\u00e4neda M\u00f5is\",\"isPartOf\":{\"@id\":\"https:\\\/\\\/janedaturism.ee\\\/ru\\\/#website\"},\"datePublished\":\"2022-01-20T06:40:01+00:00\",\"dateModified\":\"2023-01-13T08:42:26+00:00\",\"breadcrumb\":{\"@id\":\"https:\\\/\\\/janedaturism.ee\\\/ru\\\/prezidentskij-pohod\\\/#breadcrumb\"},\"inLanguage\":\"ru-RU\",\"potentialAction\":[{\"@type\":\"ReadAction\",\"target\":[\"https:\\\/\\\/janedaturism.ee\\\/ru\\\/prezidentskij-pohod\\\/\"]}]},{\"@type\":\"BreadcrumbList\",\"@id\":\"https:\\\/\\\/janedaturism.ee\\\/ru\\\/prezidentskij-pohod\\\/#breadcrumb\",\"itemListElement\":[{\"@type\":\"ListItem\",\"position\":1,\"name\":\"Home\",\"item\":\"https:\\\/\\\/janedaturism.ee\\\/ru\\\/\"},{\"@type\":\"ListItem\",\"position\":2,\"name\":\"\u041f\u0440\u0435\u0437\u0438\u0434\u0435\u043d\u0442\u0441\u043a\u0438\u0439 \u043f\u043e\u0445\u043e\u0434\"}]},{\"@type\":\"WebSite\",\"@id\":\"https:\\\/\\\/janedaturism.ee\\\/ru\\\/#website\",\"url\":\"https:\\\/\\\/janedaturism.ee\\\/ru\\\/\",\"name\":\"J\u00e4neda M\u00f5is\",\"description\":\"\",\"publisher\":{\"@id\":\"https:\\\/\\\/janedaturism.ee\\\/ru\\\/#organization\"},\"potentialAction\":[{\"@type\":\"SearchAction\",\"target\":{\"@type\":\"EntryPoint\",\"urlTemplate\":\"https:\\\/\\\/janedaturism.ee\\\/ru\\\/?s={search_term_string}\"},\"query-input\":{\"@type\":\"PropertyValueSpecification\",\"valueRequired\":true,\"valueName\":\"search_term_string\"}}],\"inLanguage\":\"ru-RU\"},{\"@type\":\"Organization\",\"@id\":\"https:\\\/\\\/janedaturism.ee\\\/ru\\\/#organization\",\"name\":\"J\u00e4neda M\u00f5is O\u00dc\",\"url\":\"https:\\\/\\\/janedaturism.ee\\\/ru\\\/\",\"logo\":{\"@type\":\"ImageObject\",\"inLanguage\":\"ru-RU\",\"@id\":\"https:\\\/\\\/janedaturism.ee\\\/ru\\\/#\\\/schema\\\/logo\\\/image\\\/\",\"url\":\"https:\\\/\\\/janedaturism.ee\\\/wp-content\\\/uploads\\\/2022\\\/05\\\/Janeda_350.png\",\"contentUrl\":\"https:\\\/\\\/janedaturism.ee\\\/wp-content\\\/uploads\\\/2022\\\/05\\\/Janeda_350.png\",\"width\":350,\"height\":272,\"caption\":\"J\u00e4neda M\u00f5is O\u00dc\"},\"image\":{\"@id\":\"https:\\\/\\\/janedaturism.ee\\\/ru\\\/#\\\/schema\\\/logo\\\/image\\\/\"},\"sameAs\":[\"https:\\\/\\\/www.facebook.com\\\/pages\\\/Jneda-Misa-klalistemaja\\\/175778449138025\"]}]}<\/script>\n<!-- \/ Yoast SEO plugin. -->","yoast_head_json":{"title":"\u041f\u0440\u0435\u0437\u0438\u0434\u0435\u043d\u0442\u0441\u043a\u0438\u0439 \u043f\u043e\u0445\u043e\u0434 - J\u00e4neda M\u00f5is","robots":{"index":"index","follow":"follow","max-snippet":"max-snippet:-1","max-image-preview":"max-image-preview:large","max-video-preview":"max-video-preview:-1"},"canonical":"https:\/\/janedaturism.ee\/ru\/prezidentskij-pohod\/","og_locale":"ru_RU","og_type":"article","og_title":"\u041f\u0440\u0435\u0437\u0438\u0434\u0435\u043d\u0442\u0441\u043a\u0438\u0439 \u043f\u043e\u0445\u043e\u0434 - J\u00e4neda M\u00f5is","og_url":"https:\/\/janedaturism.ee\/ru\/prezidentskij-pohod\/","og_site_name":"J\u00e4neda M\u00f5is","article_publisher":"https:\/\/www.facebook.com\/pages\/Jneda-Misa-klalistemaja\/175778449138025","article_modified_time":"2023-01-13T08:42:26+00:00","twitter_card":"summary_large_image","twitter_misc":{"\u041f\u0440\u0438\u043c\u0435\u0440\u043d\u043e\u0435 \u0432\u0440\u0435\u043c\u044f \u0434\u043b\u044f \u0447\u0442\u0435\u043d\u0438\u044f":"3 \u043c\u0438\u043d\u0443\u0442\u044b"},"schema":{"@context":"https:\/\/schema.org","@graph":[{"@type":"WebPage","@id":"https:\/\/janedaturism.ee\/ru\/prezidentskij-pohod\/","url":"https:\/\/janedaturism.ee\/ru\/prezidentskij-pohod\/","name":"\u041f\u0440\u0435\u0437\u0438\u0434\u0435\u043d\u0442\u0441\u043a\u0438\u0439 \u043f\u043e\u0445\u043e\u0434 - J\u00e4neda M\u00f5is","isPartOf":{"@id":"https:\/\/janedaturism.ee\/ru\/#website"},"datePublished":"2022-01-20T06:40:01+00:00","dateModified":"2023-01-13T08:42:26+00:00","breadcrumb":{"@id":"https:\/\/janedaturism.ee\/ru\/prezidentskij-pohod\/#breadcrumb"},"inLanguage":"ru-RU","potentialAction":[{"@type":"ReadAction","target":["https:\/\/janedaturism.ee\/ru\/prezidentskij-pohod\/"]}]},{"@type":"BreadcrumbList","@id":"https:\/\/janedaturism.ee\/ru\/prezidentskij-pohod\/#breadcrumb","itemListElement":[{"@type":"ListItem","position":1,"name":"Home","item":"https:\/\/janedaturism.ee\/ru\/"},{"@type":"ListItem","position":2,"name":"\u041f\u0440\u0435\u0437\u0438\u0434\u0435\u043d\u0442\u0441\u043a\u0438\u0439 \u043f\u043e\u0445\u043e\u0434"}]},{"@type":"WebSite","@id":"https:\/\/janedaturism.ee\/ru\/#website","url":"https:\/\/janedaturism.ee\/ru\/","name":"J\u00e4neda M\u00f5is","description":"","publisher":{"@id":"https:\/\/janedaturism.ee\/ru\/#organization"},"potentialAction":[{"@type":"SearchAction","target":{"@type":"EntryPoint","urlTemplate":"https:\/\/janedaturism.ee\/ru\/?s={search_term_string}"},"query-input":{"@type":"PropertyValueSpecification","valueRequired":true,"valueName":"search_term_string"}}],"inLanguage":"ru-RU"},{"@type":"Organization","@id":"https:\/\/janedaturism.ee\/ru\/#organization","name":"J\u00e4neda M\u00f5is O\u00dc","url":"https:\/\/janedaturism.ee\/ru\/","logo":{"@type":"ImageObject","inLanguage":"ru-RU","@id":"https:\/\/janedaturism.ee\/ru\/#\/schema\/logo\/image\/","url":"https:\/\/janedaturism.ee\/wp-content\/uploads\/2022\/05\/Janeda_350.png","contentUrl":"https:\/\/janedaturism.ee\/wp-content\/uploads\/2022\/05\/Janeda_350.png","width":350,"height":272,"caption":"J\u00e4neda M\u00f5is O\u00dc"},"image":{"@id":"https:\/\/janedaturism.ee\/ru\/#\/schema\/logo\/image\/"},"sameAs":["https:\/\/www.facebook.com\/pages\/Jneda-Misa-klalistemaja\/175778449138025"]}]}},"_links":{"self":[{"href":"https:\/\/janedaturism.ee\/ru\/wp-json\/wp\/v2\/pages\/1407","targetHints":{"allow":["GET"]}}],"collection":[{"href":"https:\/\/janedaturism.ee\/ru\/wp-json\/wp\/v2\/pages"}],"about":[{"href":"https:\/\/janedaturism.ee\/ru\/wp-json\/wp\/v2\/types\/page"}],"author":[{"embeddable":true,"href":"https:\/\/janedaturism.ee\/ru\/wp-json\/wp\/v2\/users\/1"}],"replies":[{"embeddable":true,"href":"https:\/\/janedaturism.ee\/ru\/wp-json\/wp\/v2\/comments?post=1407"}],"version-history":[{"count":0,"href":"https:\/\/janedaturism.ee\/ru\/wp-json\/wp\/v2\/pages\/1407\/revisions"}],"wp:attachment":[{"href":"https:\/\/janedaturism.ee\/ru\/wp-json\/wp\/v2\/media?parent=1407"}],"curies":[{"name":"wp","href":"https:\/\/api.w.org\/{rel}","templated":true}]}}