{"id":1402,"date":"2022-03-01T14:44:57","date_gmt":"2022-03-01T12:44:57","guid":{"rendered":"https:\/\/janedaturism.ee\/%d0%b5%d1%89%d0%b5-%d0%b8%d0%bd%d1%82%d0%b5%d1%80%d0%b5%d1%81%d0%bd%d0%be%d0%b5\/"},"modified":"2022-09-29T20:00:45","modified_gmt":"2022-09-29T18:00:45","slug":"ese-interesnoe","status":"publish","type":"page","link":"https:\/\/janedaturism.ee\/ru\/ese-interesnoe\/","title":{"rendered":"\u0415\u0449\u0435 \u0438\u043d\u0442\u0435\u0440\u0435\u0441\u043d\u043e\u0435"},"content":{"rendered":"<div class=\"fusion-fullwidth fullwidth-box fusion-builder-row-1 fusion-flex-container nonhundred-percent-fullwidth non-hundred-percent-height-scrolling\" style=\"--awb-border-radius-top-left:0px;--awb-border-radius-top-right:0px;--awb-border-radius-bottom-right:0px;--awb-border-radius-bottom-left:0px;--awb-flex-wrap:wrap;\" ><div class=\"fusion-builder-row fusion-row fusion-flex-align-items-center fusion-flex-justify-content-center fusion-flex-content-wrap\" style=\"max-width:1248px;margin-left: calc(-4% \/ 2 );margin-right: calc(-4% \/ 2 );\"><div class=\"fusion-layout-column fusion_builder_column fusion-builder-column-0 fusion_builder_column_1_2 1_2 fusion-flex-column\" style=\"--awb-bg-size:cover;--awb-width-large:50%;--awb-margin-top-large:0px;--awb-spacing-right-large:3.84%;--awb-margin-bottom-large:20px;--awb-spacing-left-large:3.84%;--awb-width-medium:50%;--awb-order-medium:0;--awb-spacing-right-medium:3.84%;--awb-spacing-left-medium:3.84%;--awb-width-small:100%;--awb-order-small:0;--awb-spacing-right-small:1.92%;--awb-spacing-left-small:1.92%;\"><div class=\"fusion-column-wrapper fusion-column-has-shadow fusion-flex-justify-content-flex-start fusion-content-layout-column\"><div class=\"fusion-text fusion-text-1\" style=\"--awb-text-transform:none;\"><div class=\"page-header\">\n<h1>\u0415\u0449\u0435 \u0438\u043d\u0442\u0435\u0440\u0435\u0441\u043d\u043e\u0435<\/h1>\n<\/div>\n<p>\u041d\u0430 \u043c\u044b\u0437\u0435 \u042f\u043d\u0435\u0434\u0430 \u043c\u043e\u0436\u043d\u043e \u0437\u0430\u043d\u044f\u0442\u044c\u0441\u044f \u0440\u0430\u0437\u043b\u0438\u0447\u043d\u044b\u043c\u0438 \u0432\u0438\u0434\u0430\u043c\u0438 \u0434\u0435\u044f\u0442\u0435\u043b\u044c\u043d\u043e\u0441\u0442\u0438:<\/p>\n<\/div><\/div><\/div><div class=\"fusion-layout-column fusion_builder_column fusion-builder-column-1 fusion_builder_column_1_2 1_2 fusion-flex-column\" style=\"--awb-bg-size:cover;--awb-width-large:50%;--awb-margin-top-large:0px;--awb-spacing-right-large:3.84%;--awb-margin-bottom-large:20px;--awb-spacing-left-large:3.84%;--awb-width-medium:50%;--awb-order-medium:0;--awb-spacing-right-medium:3.84%;--awb-spacing-left-medium:3.84%;--awb-width-small:100%;--awb-order-small:0;--awb-spacing-right-small:1.92%;--awb-spacing-left-small:1.92%;\"><div class=\"fusion-column-wrapper fusion-column-has-shadow fusion-flex-justify-content-flex-start fusion-content-layout-column\"><\/div><\/div><div class=\"fusion-layout-column fusion_builder_column fusion-builder-column-2 fusion_builder_column_1_3 1_3 fusion-flex-column fusion-column-inner-bg-wrapper\" style=\"--awb-overflow:hidden;--awb-inner-bg-color:#973f2e;--awb-inner-bg-color-hover:#973f2e;--awb-inner-bg-size:cover;--awb-border-color:rgba(151,63,46,0.41);--awb-border-style:solid;--awb-border-radius:10px 10px 10px 10px;--awb-inner-bg-border-radius:10px 10px 10px 10px;--awb-inner-bg-overflow:hidden;--awb-width-large:33.333333333333%;--awb-margin-top-large:0px;--awb-spacing-right-large:5.76%;--awb-margin-bottom-large:20px;--awb-spacing-left-large:5.76%;--awb-width-medium:33.333333333333%;--awb-order-medium:0;--awb-spacing-right-medium:5.76%;--awb-spacing-left-medium:5.76%;--awb-width-small:100%;--awb-order-small:0;--awb-spacing-right-small:1.92%;--awb-spacing-left-small:1.92%;\"><span class=\"fusion-column-inner-bg hover-type-none\"><a class=\"fusion-column-anchor\" href=\"https:\/\/janedaturism.ee\/ru\/prezidentskij-pohod\/\"><span class=\"fusion-column-inner-bg-image\"><\/span><\/a><\/span><div class=\"fusion-column-wrapper fusion-column-has-shadow fusion-flex-justify-content-flex-start fusion-content-layout-column\"><div class=\"fusion-image-element \" style=\"--awb-aspect-ratio:3 \/ 1;--awb-caption-title-font-family:var(--h2_typography-font-family);--awb-caption-title-font-weight:var(--h2_typography-font-weight);--awb-caption-title-font-style:var(--h2_typography-font-style);--awb-caption-title-size:var(--h2_typography-font-size);--awb-caption-title-transform:var(--h2_typography-text-transform);--awb-caption-title-line-height:var(--h2_typography-line-height);--awb-caption-title-letter-spacing:var(--h2_typography-letter-spacing);\"><span class=\" fusion-imageframe imageframe-none imageframe-1 hover-type-none has-aspect-ratio\"><img decoding=\"async\" width=\"1200\" height=\"675\" alt=\"J\u00e4neda presidendimatk \" title=\"Pr_matk_2018_YP_JANEDA\" src=\"https:\/\/janedaturism.ee\/wp-content\/uploads\/2022\/01\/Pr_matk_2018_YP_JANEDA.jpg\" class=\"img-responsive wp-image-1207 img-with-aspect-ratio\" data-parent-fit=\"cover\" data-parent-container=\".fusion-image-element\" srcset=\"https:\/\/janedaturism.ee\/wp-content\/uploads\/2022\/01\/Pr_matk_2018_YP_JANEDA-200x113.jpg 200w, https:\/\/janedaturism.ee\/wp-content\/uploads\/2022\/01\/Pr_matk_2018_YP_JANEDA-400x225.jpg 400w, https:\/\/janedaturism.ee\/wp-content\/uploads\/2022\/01\/Pr_matk_2018_YP_JANEDA-600x338.jpg 600w, https:\/\/janedaturism.ee\/wp-content\/uploads\/2022\/01\/Pr_matk_2018_YP_JANEDA-800x450.jpg 800w, https:\/\/janedaturism.ee\/wp-content\/uploads\/2022\/01\/Pr_matk_2018_YP_JANEDA.jpg 1200w\" sizes=\"(max-width: 800px) 100vw, 400px\" \/><\/span><\/div><div class=\"fusion-text fusion-text-2\" style=\"--awb-text-transform:none;--awb-margin-top:20px;\"><h2 style=\"text-align: center;\"><span style=\"color: #ffffff;\">\u041f\u0440\u0435\u0437\u0438\u0434\u0435\u043d\u0442\u0441\u043a\u0438\u0439 \u043f\u043e\u0445\u043e\u0434<\/span><\/h2>\n<\/div><\/div><\/div><div class=\"fusion-layout-column fusion_builder_column fusion-builder-column-3 fusion_builder_column_1_3 1_3 fusion-flex-column fusion-column-inner-bg-wrapper\" style=\"--awb-overflow:hidden;--awb-inner-bg-color:#973f2e;--awb-inner-bg-color-hover:#973f2e;--awb-inner-bg-size:cover;--awb-border-color:rgba(151,63,46,0.41);--awb-border-style:solid;--awb-border-radius:10px 10px 10px 10px;--awb-inner-bg-border-radius:10px 10px 10px 10px;--awb-inner-bg-overflow:hidden;--awb-width-large:33.333333333333%;--awb-margin-top-large:0px;--awb-spacing-right-large:5.76%;--awb-margin-bottom-large:20px;--awb-spacing-left-large:5.76%;--awb-width-medium:33.333333333333%;--awb-order-medium:0;--awb-spacing-right-medium:5.76%;--awb-spacing-left-medium:5.76%;--awb-width-small:100%;--awb-order-small:0;--awb-spacing-right-small:1.92%;--awb-spacing-left-small:1.92%;\"><span class=\"fusion-column-inner-bg hover-type-none\"><a class=\"fusion-column-anchor\" href=\"https:\/\/janedaturism.ee\/ru\/masterskaja-rukodelija\/\"><span class=\"fusion-column-inner-bg-image\"><\/span><\/a><\/span><div class=\"fusion-column-wrapper fusion-column-has-shadow fusion-flex-justify-content-flex-start fusion-content-layout-column\"><div class=\"fusion-image-element \" style=\"--awb-aspect-ratio:3 \/ 1;--awb-caption-title-font-family:var(--h2_typography-font-family);--awb-caption-title-font-weight:var(--h2_typography-font-weight);--awb-caption-title-font-style:var(--h2_typography-font-style);--awb-caption-title-size:var(--h2_typography-font-size);--awb-caption-title-transform:var(--h2_typography-text-transform);--awb-caption-title-line-height:var(--h2_typography-line-height);--awb-caption-title-letter-spacing:var(--h2_typography-letter-spacing);\"><span class=\" fusion-imageframe imageframe-none imageframe-2 hover-type-none has-aspect-ratio\"><img decoding=\"async\" width=\"1500\" height=\"600\" alt=\"J\u00e4neda K\u00e4sit\u00f6\u00f6keskus\" title=\"Kasitookeskus janedal 2\" src=\"https:\/\/janedaturism.ee\/wp-content\/uploads\/2022\/04\/Kasitookeskus-janedal-2.jpg\" class=\"img-responsive wp-image-1311 img-with-aspect-ratio\" data-parent-fit=\"cover\" data-parent-container=\".fusion-image-element\" srcset=\"https:\/\/janedaturism.ee\/wp-content\/uploads\/2022\/04\/Kasitookeskus-janedal-2-200x80.jpg 200w, https:\/\/janedaturism.ee\/wp-content\/uploads\/2022\/04\/Kasitookeskus-janedal-2-400x160.jpg 400w, https:\/\/janedaturism.ee\/wp-content\/uploads\/2022\/04\/Kasitookeskus-janedal-2-600x240.jpg 600w, https:\/\/janedaturism.ee\/wp-content\/uploads\/2022\/04\/Kasitookeskus-janedal-2-800x320.jpg 800w, https:\/\/janedaturism.ee\/wp-content\/uploads\/2022\/04\/Kasitookeskus-janedal-2-1200x480.jpg 1200w, https:\/\/janedaturism.ee\/wp-content\/uploads\/2022\/04\/Kasitookeskus-janedal-2.jpg 1500w\" sizes=\"(max-width: 800px) 100vw, 400px\" \/><\/span><\/div><div class=\"fusion-text fusion-text-3\" style=\"--awb-text-transform:none;--awb-margin-top:20px;\"><h2 style=\"text-align: center;\"><span style=\"color: #ffffff;\">\u041c\u0430\u0441\u0442\u0435\u0440\u0441\u043a\u0430\u044f \u0440\u0443\u043a\u043e\u0434\u0435\u043b\u0438\u044f<\/span><\/h2>\n<\/div><\/div><\/div><\/div><\/div>\n","protected":false},"excerpt":{"rendered":"","protected":false},"author":1,"featured_media":0,"parent":0,"menu_order":0,"comment_status":"closed","ping_status":"closed","template":"100-width.php","meta":{"footnotes":""},"class_list":["post-1402","page","type-page","status-publish","hentry"],"yoast_head":"<!-- This site is optimized with the Yoast SEO plugin v27.3 - https:\/\/yoast.com\/product\/yoast-seo-wordpress\/ -->\n<title>\u0415\u0449\u0435 \u0438\u043d\u0442\u0435\u0440\u0435\u0441\u043d\u043e\u0435 - J\u00e4neda M\u00f5is<\/title>\n<meta name=\"robots\" content=\"index, follow, max-snippet:-1, max-image-preview:large, max-video-preview:-1\" \/>\n<link rel=\"canonical\" href=\"https:\/\/janedaturism.ee\/ru\/ese-interesnoe\/\" \/>\n<meta property=\"og:locale\" content=\"ru_RU\" \/>\n<meta property=\"og:type\" content=\"article\" \/>\n<meta property=\"og:title\" content=\"\u0415\u0449\u0435 \u0438\u043d\u0442\u0435\u0440\u0435\u0441\u043d\u043e\u0435 - J\u00e4neda M\u00f5is\" \/>\n<meta property=\"og:url\" content=\"https:\/\/janedaturism.ee\/ru\/ese-interesnoe\/\" \/>\n<meta property=\"og:site_name\" content=\"J\u00e4neda M\u00f5is\" \/>\n<meta property=\"article:publisher\" content=\"https:\/\/www.facebook.com\/pages\/Jneda-Misa-klalistemaja\/175778449138025\" \/>\n<meta property=\"article:modified_time\" content=\"2022-09-29T18:00:45+00:00\" \/>\n<meta name=\"twitter:card\" content=\"summary_large_image\" \/>\n<meta name=\"twitter:label1\" content=\"\u041f\u0440\u0438\u043c\u0435\u0440\u043d\u043e\u0435 \u0432\u0440\u0435\u043c\u044f \u0434\u043b\u044f \u0447\u0442\u0435\u043d\u0438\u044f\" \/>\n\t<meta name=\"twitter:data1\" content=\"5 \u043c\u0438\u043d\u0443\u0442\" \/>\n<script type=\"application\/ld+json\" class=\"yoast-schema-graph\">{\"@context\":\"https:\\\/\\\/schema.org\",\"@graph\":[{\"@type\":\"WebPage\",\"@id\":\"https:\\\/\\\/janedaturism.ee\\\/ru\\\/ese-interesnoe\\\/\",\"url\":\"https:\\\/\\\/janedaturism.ee\\\/ru\\\/ese-interesnoe\\\/\",\"name\":\"\u0415\u0449\u0435 \u0438\u043d\u0442\u0435\u0440\u0435\u0441\u043d\u043e\u0435 - J\u00e4neda M\u00f5is\",\"isPartOf\":{\"@id\":\"https:\\\/\\\/janedaturism.ee\\\/ru\\\/#website\"},\"datePublished\":\"2022-03-01T12:44:57+00:00\",\"dateModified\":\"2022-09-29T18:00:45+00:00\",\"breadcrumb\":{\"@id\":\"https:\\\/\\\/janedaturism.ee\\\/ru\\\/ese-interesnoe\\\/#breadcrumb\"},\"inLanguage\":\"ru-RU\",\"potentialAction\":[{\"@type\":\"ReadAction\",\"target\":[\"https:\\\/\\\/janedaturism.ee\\\/ru\\\/ese-interesnoe\\\/\"]}]},{\"@type\":\"BreadcrumbList\",\"@id\":\"https:\\\/\\\/janedaturism.ee\\\/ru\\\/ese-interesnoe\\\/#breadcrumb\",\"itemListElement\":[{\"@type\":\"ListItem\",\"position\":1,\"name\":\"Home\",\"item\":\"https:\\\/\\\/janedaturism.ee\\\/ru\\\/\"},{\"@type\":\"ListItem\",\"position\":2,\"name\":\"\u0415\u0449\u0435 \u0438\u043d\u0442\u0435\u0440\u0435\u0441\u043d\u043e\u0435\"}]},{\"@type\":\"WebSite\",\"@id\":\"https:\\\/\\\/janedaturism.ee\\\/ru\\\/#website\",\"url\":\"https:\\\/\\\/janedaturism.ee\\\/ru\\\/\",\"name\":\"J\u00e4neda M\u00f5is\",\"description\":\"\",\"publisher\":{\"@id\":\"https:\\\/\\\/janedaturism.ee\\\/ru\\\/#organization\"},\"potentialAction\":[{\"@type\":\"SearchAction\",\"target\":{\"@type\":\"EntryPoint\",\"urlTemplate\":\"https:\\\/\\\/janedaturism.ee\\\/ru\\\/?s={search_term_string}\"},\"query-input\":{\"@type\":\"PropertyValueSpecification\",\"valueRequired\":true,\"valueName\":\"search_term_string\"}}],\"inLanguage\":\"ru-RU\"},{\"@type\":\"Organization\",\"@id\":\"https:\\\/\\\/janedaturism.ee\\\/ru\\\/#organization\",\"name\":\"J\u00e4neda M\u00f5is O\u00dc\",\"url\":\"https:\\\/\\\/janedaturism.ee\\\/ru\\\/\",\"logo\":{\"@type\":\"ImageObject\",\"inLanguage\":\"ru-RU\",\"@id\":\"https:\\\/\\\/janedaturism.ee\\\/ru\\\/#\\\/schema\\\/logo\\\/image\\\/\",\"url\":\"https:\\\/\\\/janedaturism.ee\\\/wp-content\\\/uploads\\\/2022\\\/05\\\/Janeda_350.png\",\"contentUrl\":\"https:\\\/\\\/janedaturism.ee\\\/wp-content\\\/uploads\\\/2022\\\/05\\\/Janeda_350.png\",\"width\":350,\"height\":272,\"caption\":\"J\u00e4neda M\u00f5is O\u00dc\"},\"image\":{\"@id\":\"https:\\\/\\\/janedaturism.ee\\\/ru\\\/#\\\/schema\\\/logo\\\/image\\\/\"},\"sameAs\":[\"https:\\\/\\\/www.facebook.com\\\/pages\\\/Jneda-Misa-klalistemaja\\\/175778449138025\"]}]}<\/script>\n<!-- \/ Yoast SEO plugin. -->","yoast_head_json":{"title":"\u0415\u0449\u0435 \u0438\u043d\u0442\u0435\u0440\u0435\u0441\u043d\u043e\u0435 - J\u00e4neda M\u00f5is","robots":{"index":"index","follow":"follow","max-snippet":"max-snippet:-1","max-image-preview":"max-image-preview:large","max-video-preview":"max-video-preview:-1"},"canonical":"https:\/\/janedaturism.ee\/ru\/ese-interesnoe\/","og_locale":"ru_RU","og_type":"article","og_title":"\u0415\u0449\u0435 \u0438\u043d\u0442\u0435\u0440\u0435\u0441\u043d\u043e\u0435 - J\u00e4neda M\u00f5is","og_url":"https:\/\/janedaturism.ee\/ru\/ese-interesnoe\/","og_site_name":"J\u00e4neda M\u00f5is","article_publisher":"https:\/\/www.facebook.com\/pages\/Jneda-Misa-klalistemaja\/175778449138025","article_modified_time":"2022-09-29T18:00:45+00:00","twitter_card":"summary_large_image","twitter_misc":{"\u041f\u0440\u0438\u043c\u0435\u0440\u043d\u043e\u0435 \u0432\u0440\u0435\u043c\u044f \u0434\u043b\u044f \u0447\u0442\u0435\u043d\u0438\u044f":"5 \u043c\u0438\u043d\u0443\u0442"},"schema":{"@context":"https:\/\/schema.org","@graph":[{"@type":"WebPage","@id":"https:\/\/janedaturism.ee\/ru\/ese-interesnoe\/","url":"https:\/\/janedaturism.ee\/ru\/ese-interesnoe\/","name":"\u0415\u0449\u0435 \u0438\u043d\u0442\u0435\u0440\u0435\u0441\u043d\u043e\u0435 - J\u00e4neda M\u00f5is","isPartOf":{"@id":"https:\/\/janedaturism.ee\/ru\/#website"},"datePublished":"2022-03-01T12:44:57+00:00","dateModified":"2022-09-29T18:00:45+00:00","breadcrumb":{"@id":"https:\/\/janedaturism.ee\/ru\/ese-interesnoe\/#breadcrumb"},"inLanguage":"ru-RU","potentialAction":[{"@type":"ReadAction","target":["https:\/\/janedaturism.ee\/ru\/ese-interesnoe\/"]}]},{"@type":"BreadcrumbList","@id":"https:\/\/janedaturism.ee\/ru\/ese-interesnoe\/#breadcrumb","itemListElement":[{"@type":"ListItem","position":1,"name":"Home","item":"https:\/\/janedaturism.ee\/ru\/"},{"@type":"ListItem","position":2,"name":"\u0415\u0449\u0435 \u0438\u043d\u0442\u0435\u0440\u0435\u0441\u043d\u043e\u0435"}]},{"@type":"WebSite","@id":"https:\/\/janedaturism.ee\/ru\/#website","url":"https:\/\/janedaturism.ee\/ru\/","name":"J\u00e4neda M\u00f5is","description":"","publisher":{"@id":"https:\/\/janedaturism.ee\/ru\/#organization"},"potentialAction":[{"@type":"SearchAction","target":{"@type":"EntryPoint","urlTemplate":"https:\/\/janedaturism.ee\/ru\/?s={search_term_string}"},"query-input":{"@type":"PropertyValueSpecification","valueRequired":true,"valueName":"search_term_string"}}],"inLanguage":"ru-RU"},{"@type":"Organization","@id":"https:\/\/janedaturism.ee\/ru\/#organization","name":"J\u00e4neda M\u00f5is O\u00dc","url":"https:\/\/janedaturism.ee\/ru\/","logo":{"@type":"ImageObject","inLanguage":"ru-RU","@id":"https:\/\/janedaturism.ee\/ru\/#\/schema\/logo\/image\/","url":"https:\/\/janedaturism.ee\/wp-content\/uploads\/2022\/05\/Janeda_350.png","contentUrl":"https:\/\/janedaturism.ee\/wp-content\/uploads\/2022\/05\/Janeda_350.png","width":350,"height":272,"caption":"J\u00e4neda M\u00f5is O\u00dc"},"image":{"@id":"https:\/\/janedaturism.ee\/ru\/#\/schema\/logo\/image\/"},"sameAs":["https:\/\/www.facebook.com\/pages\/Jneda-Misa-klalistemaja\/175778449138025"]}]}},"_links":{"self":[{"href":"https:\/\/janedaturism.ee\/ru\/wp-json\/wp\/v2\/pages\/1402","targetHints":{"allow":["GET"]}}],"collection":[{"href":"https:\/\/janedaturism.ee\/ru\/wp-json\/wp\/v2\/pages"}],"about":[{"href":"https:\/\/janedaturism.ee\/ru\/wp-json\/wp\/v2\/types\/page"}],"author":[{"embeddable":true,"href":"https:\/\/janedaturism.ee\/ru\/wp-json\/wp\/v2\/users\/1"}],"replies":[{"embeddable":true,"href":"https:\/\/janedaturism.ee\/ru\/wp-json\/wp\/v2\/comments?post=1402"}],"version-history":[{"count":0,"href":"https:\/\/janedaturism.ee\/ru\/wp-json\/wp\/v2\/pages\/1402\/revisions"}],"wp:attachment":[{"href":"https:\/\/janedaturism.ee\/ru\/wp-json\/wp\/v2\/media?parent=1402"}],"curies":[{"name":"wp","href":"https:\/\/api.w.org\/{rel}","templated":true}]}}