{"id":1380,"date":"2022-01-21T12:53:24","date_gmt":"2022-01-21T09:53:24","guid":{"rendered":"https:\/\/janedaturism.ee\/%d1%82%d0%b5%d0%b0%d1%82%d1%80-pullitalliteater\/"},"modified":"2023-02-17T11:16:14","modified_gmt":"2023-02-17T09:16:14","slug":"teatr-pullitalliteater","status":"publish","type":"page","link":"https:\/\/janedaturism.ee\/ru\/teatr-pullitalliteater\/","title":{"rendered":"\u0422\u0435\u0430\u0442\u0440 Pullitalliteater"},"content":{"rendered":"<div class=\"fusion-fullwidth fullwidth-box fusion-builder-row-1 fusion-flex-container nonhundred-percent-fullwidth non-hundred-percent-height-scrolling\" style=\"--awb-border-radius-top-left:0px;--awb-border-radius-top-right:0px;--awb-border-radius-bottom-right:0px;--awb-border-radius-bottom-left:0px;--awb-flex-wrap:wrap;\" ><div class=\"fusion-builder-row fusion-row fusion-flex-align-items-flex-start fusion-flex-content-wrap\" style=\"max-width:1248px;margin-left: calc(-4% \/ 2 );margin-right: calc(-4% \/ 2 );\"><div class=\"fusion-layout-column fusion_builder_column fusion-builder-column-0 fusion_builder_column_1_2 1_2 fusion-flex-column\" style=\"--awb-bg-size:cover;--awb-width-large:50%;--awb-margin-top-large:0px;--awb-spacing-right-large:3.84%;--awb-margin-bottom-large:20px;--awb-spacing-left-large:3.84%;--awb-width-medium:50%;--awb-order-medium:0;--awb-spacing-right-medium:3.84%;--awb-spacing-left-medium:3.84%;--awb-width-small:100%;--awb-order-small:0;--awb-spacing-right-small:1.92%;--awb-spacing-left-small:1.92%;\"><div class=\"fusion-column-wrapper fusion-column-has-shadow fusion-flex-justify-content-flex-start fusion-content-layout-column\"><div class=\"fusion-text fusion-text-1\" style=\"--awb-text-transform:none;\"><div class=\"page-header\">\n<h1>\u0422\u0435\u0430\u0442\u0440 &#171;Pullitalliteater&#187;<\/h1>\n<p>\u041e \u0442\u0435\u0430\u0442\u0440\u0435 Pullitalliteater. \u0412 1882 \u0433\u043e\u0434\u0443 \u043d\u0430 \u043c\u044b\u0437\u0435 \u042f\u043d\u0435\u0434\u0430 \u0431\u044b\u043b\u043e \u0437\u0430\u0432\u0435\u0440\u0448\u0435\u043d\u043e \u0441\u0442\u0440\u043e\u0438\u0442\u0435\u043b\u044c\u0441\u0442\u0432\u043e \u0435\u0449\u0435 \u043e\u0434\u043d\u043e\u0439 \u0445\u043e\u0437\u044f\u0439\u0441\u0442\u0432\u0435\u043d\u043d\u043e\u0439 \u043f\u043e\u0441\u0442\u0440\u043e\u0439\u043a\u0438 &#8212; \u0445\u043b\u0435\u0432\u0430 \u0434\u043b\u044f \u0432\u043e\u043b\u043e\u0432 h\u00e4rjatall, \u043a\u0430\u043a \u0441\u0442\u0430\u043b\u0438 \u043d\u0430\u0437\u044b\u0432\u0430\u0442\u044c \u044d\u0442\u043e \u0432\u043d\u0443\u0448\u0438\u0442\u0435\u043b\u044c\u043d\u044b\u0445 \u0440\u0430\u0437\u043c\u0435\u0440\u043e\u0432 \u0437\u0434\u0430\u043d\u0438\u0435 \u043d\u0430 \u043c\u0435\u0441\u0442\u043d\u043e\u043c \u043d\u0430\u0440\u0435\u0447\u0438\u0438. \u0421 \u0441\u043e\u0441\u0435\u0434\u043d\u0435\u0433\u043e \u043b\u0438\u043a\u0435\u0440\u043e-\u0432\u043e\u0434\u043e\u0447\u043d\u043e\u0433\u043e \u0437\u0430\u0432\u043e\u0434\u0430 \u043f\u0440\u0438\u0432\u0435\u0437\u043b\u0438 \u0434\u043e\u0441\u0442\u0430\u0442\u043e\u0447\u043d\u043e \u0431\u043e\u043b\u044c\u0448\u043e\u0435 \u043a\u043e\u043b\u0438\u0447\u0435\u0441\u0442\u0432\u043e \u043f\u043e\u0431\u043e\u0447\u043d\u043e\u0433\u043e \u043f\u0440\u043e\u0434\u0443\u043a\u0442\u0430 \u043f\u0440\u043e\u0438\u0437\u0432\u043e\u0434\u0441\u0442\u0432\u0430 \u0432\u043e\u0434\u043a\u0438 &#8212; &#171;\u0431\u0440\u0430\u0433\u0438&#187;, \u043a\u043e\u0442\u043e\u0440\u044b\u0439 \u0438\u0434\u0435\u0430\u043b\u044c\u043d\u043e \u043f\u043e\u0434\u0445\u043e\u0434\u0438\u043b \u0434\u043b\u044f \u0443\u0432\u0435\u043b\u0438\u0447\u0435\u043d\u0438\u044f \u0432\u0435\u0441\u0430 \u0432\u043e\u043b\u043e\u0432 \u043f\u0435\u0440\u0435\u0434 \u043f\u0440\u043e\u0434\u0430\u0436\u0435\u0439. \u0415\u0449\u0435 \u0441\u0442\u043e\u043b\u0435\u0442\u0438\u0435 \u0441 \u043d\u0435\u0431\u043e\u043b\u044c\u0448\u0438\u043c \u0445\u043b\u0435\u0432 \u0438\u0441\u043f\u043e\u043b\u044c\u0437\u043e\u0432\u0430\u043b\u0441\u044f \u043f\u043e \u0441\u0432\u043e\u0435\u043c\u0443 \u043f\u0435\u0440\u0432\u043e\u043d\u0430\u0447\u0430\u043b\u044c\u043d\u043e\u043c\u0443 \u043d\u0430\u0437\u043d\u0430\u0447\u0435\u043d\u0438\u044e, \u0445\u043e\u0442\u044f \u043c\u0435\u043d\u044f\u043b\u0441\u044f \u0438 \u0433\u043e\u0441\u0443\u0434\u0430\u0440\u0441\u0442\u0432\u0435\u043d\u043d\u044b\u0439 \u043f\u043e\u0440\u044f\u0434\u043e\u043a, \u0438 \u043a\u043e\u0440\u043c \u0434\u043b\u044f \u0436\u0438\u0432\u043e\u0442\u043d\u044b\u0445. <span lang=\"ET\">\u041f\u043e\u0441\u043b\u0435 \u0434\u043e\u0432\u043e\u043b\u044c\u043d\u043e \u043d\u0438\u0447\u0435\u043c \u043d\u0435 \u043f\u0440\u0438\u043c\u0435\u0447\u0430\u0442\u0435\u043b\u044c\u043d\u044b\u0445 \u043f\u0440\u0438\u043c\u0435\u043d\u0435\u043d\u0438\u044f \u0437\u0430 \u043f\u0440\u043e\u0448\u0435\u0434\u0448\u0438\u0435 \u0433\u043e\u0434\u044b, \u0432 2010 \u0433\u043e\u0434\u0443 \u0431\u044b\u043b \u0432\u043e\u0437\u0440\u043e\u0436\u0434\u0435\u043d \u0443\u0436\u0435 \u0438\u043c\u0435\u0432\u0448\u0438\u0439 \u0431\u043e\u043b\u044c\u0448\u043e\u0439 \u0443\u0441\u043f\u0435\u0445 \u0442\u0435\u0430\u0442\u0440 Pullitalliteater, \u043a\u043e\u0442\u043e\u0440\u044b\u0439 \u0441 \u0442\u0435\u0445 \u043f\u043e\u0440 \u0440\u0430\u0434\u0443\u0435\u0442 \u0442\u044b\u0441\u044f\u0447\u0438 \u0437\u0440\u0438\u0442\u0435\u043b\u0435\u0439.<\/span><\/p>\n<\/div>\n<\/div><\/div><\/div><div class=\"fusion-layout-column fusion_builder_column fusion-builder-column-1 fusion_builder_column_1_2 1_2 fusion-flex-column\" style=\"--awb-bg-size:cover;--awb-width-large:50%;--awb-margin-top-large:0px;--awb-spacing-right-large:3.84%;--awb-margin-bottom-large:20px;--awb-spacing-left-large:3.84%;--awb-width-medium:50%;--awb-order-medium:0;--awb-spacing-right-medium:3.84%;--awb-spacing-left-medium:3.84%;--awb-width-small:100%;--awb-order-small:0;--awb-spacing-right-small:1.92%;--awb-spacing-left-small:1.92%;\"><div class=\"fusion-column-wrapper fusion-column-has-shadow fusion-flex-justify-content-flex-start fusion-content-layout-column\"><div class=\"fusion-image-element \" style=\"--awb-caption-title-font-family:var(--h2_typography-font-family);--awb-caption-title-font-weight:var(--h2_typography-font-weight);--awb-caption-title-font-style:var(--h2_typography-font-style);--awb-caption-title-size:var(--h2_typography-font-size);--awb-caption-title-transform:var(--h2_typography-text-transform);--awb-caption-title-line-height:var(--h2_typography-line-height);--awb-caption-title-letter-spacing:var(--h2_typography-letter-spacing);\"><span class=\" fusion-imageframe imageframe-none imageframe-1 hover-type-none\"><img decoding=\"async\" width=\"1000\" height=\"667\" alt=\"Pullitalliteater J\u00e4nedal\" title=\"Janeda_Kultuur_3\" src=\"https:\/\/janedaturism.ee\/wp-content\/uploads\/2022\/04\/Janeda_Kultuur_3.jpg\" class=\"img-responsive wp-image-1302\" srcset=\"https:\/\/janedaturism.ee\/wp-content\/uploads\/2022\/04\/Janeda_Kultuur_3-200x133.jpg 200w, https:\/\/janedaturism.ee\/wp-content\/uploads\/2022\/04\/Janeda_Kultuur_3-400x267.jpg 400w, https:\/\/janedaturism.ee\/wp-content\/uploads\/2022\/04\/Janeda_Kultuur_3-600x400.jpg 600w, https:\/\/janedaturism.ee\/wp-content\/uploads\/2022\/04\/Janeda_Kultuur_3-800x534.jpg 800w, https:\/\/janedaturism.ee\/wp-content\/uploads\/2022\/04\/Janeda_Kultuur_3.jpg 1000w\" sizes=\"(max-width: 800px) 100vw, 600px\" \/><\/span><\/div><\/div><\/div><div class=\"fusion-layout-column fusion_builder_column fusion-builder-column-2 fusion_builder_column_1_1 1_1 fusion-flex-column\" style=\"--awb-bg-size:cover;--awb-width-large:100%;--awb-margin-top-large:20px;--awb-spacing-right-large:1.92%;--awb-margin-bottom-large:20px;--awb-spacing-left-large:1.92%;--awb-width-medium:100%;--awb-order-medium:0;--awb-spacing-right-medium:1.92%;--awb-spacing-left-medium:1.92%;--awb-width-small:100%;--awb-order-small:0;--awb-spacing-right-small:1.92%;--awb-spacing-left-small:1.92%;\"><div class=\"fusion-column-wrapper fusion-column-has-shadow fusion-flex-justify-content-flex-start fusion-content-layout-column\"><\/div><\/div><\/div><\/div>\n","protected":false},"excerpt":{"rendered":"","protected":false},"author":1,"featured_media":0,"parent":0,"menu_order":0,"comment_status":"closed","ping_status":"closed","template":"","meta":{"footnotes":""},"class_list":["post-1380","page","type-page","status-publish","hentry"],"yoast_head":"<!-- This site is optimized with the Yoast SEO plugin v27.4 - https:\/\/yoast.com\/product\/yoast-seo-wordpress\/ -->\n<title>\u0422\u0435\u0430\u0442\u0440 Pullitalliteater - J\u00e4neda M\u00f5is<\/title>\n<meta name=\"robots\" content=\"index, follow, max-snippet:-1, max-image-preview:large, max-video-preview:-1\" \/>\n<link rel=\"canonical\" href=\"https:\/\/janedaturism.ee\/ru\/teatr-pullitalliteater\/\" \/>\n<meta property=\"og:locale\" content=\"ru_RU\" \/>\n<meta property=\"og:type\" content=\"article\" \/>\n<meta property=\"og:title\" content=\"\u0422\u0435\u0430\u0442\u0440 Pullitalliteater - J\u00e4neda M\u00f5is\" \/>\n<meta property=\"og:url\" content=\"https:\/\/janedaturism.ee\/ru\/teatr-pullitalliteater\/\" \/>\n<meta property=\"og:site_name\" content=\"J\u00e4neda M\u00f5is\" \/>\n<meta property=\"article:publisher\" content=\"https:\/\/www.facebook.com\/pages\/Jneda-Misa-klalistemaja\/175778449138025\" \/>\n<meta property=\"article:modified_time\" content=\"2023-02-17T09:16:14+00:00\" \/>\n<meta name=\"twitter:card\" content=\"summary_large_image\" \/>\n<meta name=\"twitter:label1\" content=\"\u041f\u0440\u0438\u043c\u0435\u0440\u043d\u043e\u0435 \u0432\u0440\u0435\u043c\u044f \u0434\u043b\u044f \u0447\u0442\u0435\u043d\u0438\u044f\" \/>\n\t<meta name=\"twitter:data1\" content=\"4 \u043c\u0438\u043d\u0443\u0442\u044b\" \/>\n<script type=\"application\/ld+json\" class=\"yoast-schema-graph\">{\"@context\":\"https:\\\/\\\/schema.org\",\"@graph\":[{\"@type\":\"WebPage\",\"@id\":\"https:\\\/\\\/janedaturism.ee\\\/ru\\\/teatr-pullitalliteater\\\/\",\"url\":\"https:\\\/\\\/janedaturism.ee\\\/ru\\\/teatr-pullitalliteater\\\/\",\"name\":\"\u0422\u0435\u0430\u0442\u0440 Pullitalliteater - J\u00e4neda M\u00f5is\",\"isPartOf\":{\"@id\":\"https:\\\/\\\/janedaturism.ee\\\/ru\\\/#website\"},\"datePublished\":\"2022-01-21T09:53:24+00:00\",\"dateModified\":\"2023-02-17T09:16:14+00:00\",\"breadcrumb\":{\"@id\":\"https:\\\/\\\/janedaturism.ee\\\/ru\\\/teatr-pullitalliteater\\\/#breadcrumb\"},\"inLanguage\":\"ru-RU\",\"potentialAction\":[{\"@type\":\"ReadAction\",\"target\":[\"https:\\\/\\\/janedaturism.ee\\\/ru\\\/teatr-pullitalliteater\\\/\"]}]},{\"@type\":\"BreadcrumbList\",\"@id\":\"https:\\\/\\\/janedaturism.ee\\\/ru\\\/teatr-pullitalliteater\\\/#breadcrumb\",\"itemListElement\":[{\"@type\":\"ListItem\",\"position\":1,\"name\":\"Home\",\"item\":\"https:\\\/\\\/janedaturism.ee\\\/ru\\\/\"},{\"@type\":\"ListItem\",\"position\":2,\"name\":\"\u0422\u0435\u0430\u0442\u0440 Pullitalliteater\"}]},{\"@type\":\"WebSite\",\"@id\":\"https:\\\/\\\/janedaturism.ee\\\/ru\\\/#website\",\"url\":\"https:\\\/\\\/janedaturism.ee\\\/ru\\\/\",\"name\":\"J\u00e4neda M\u00f5is\",\"description\":\"\",\"publisher\":{\"@id\":\"https:\\\/\\\/janedaturism.ee\\\/ru\\\/#organization\"},\"potentialAction\":[{\"@type\":\"SearchAction\",\"target\":{\"@type\":\"EntryPoint\",\"urlTemplate\":\"https:\\\/\\\/janedaturism.ee\\\/ru\\\/?s={search_term_string}\"},\"query-input\":{\"@type\":\"PropertyValueSpecification\",\"valueRequired\":true,\"valueName\":\"search_term_string\"}}],\"inLanguage\":\"ru-RU\"},{\"@type\":\"Organization\",\"@id\":\"https:\\\/\\\/janedaturism.ee\\\/ru\\\/#organization\",\"name\":\"J\u00e4neda M\u00f5is O\u00dc\",\"url\":\"https:\\\/\\\/janedaturism.ee\\\/ru\\\/\",\"logo\":{\"@type\":\"ImageObject\",\"inLanguage\":\"ru-RU\",\"@id\":\"https:\\\/\\\/janedaturism.ee\\\/ru\\\/#\\\/schema\\\/logo\\\/image\\\/\",\"url\":\"https:\\\/\\\/janedaturism.ee\\\/wp-content\\\/uploads\\\/2022\\\/05\\\/Janeda_350.png\",\"contentUrl\":\"https:\\\/\\\/janedaturism.ee\\\/wp-content\\\/uploads\\\/2022\\\/05\\\/Janeda_350.png\",\"width\":350,\"height\":272,\"caption\":\"J\u00e4neda M\u00f5is O\u00dc\"},\"image\":{\"@id\":\"https:\\\/\\\/janedaturism.ee\\\/ru\\\/#\\\/schema\\\/logo\\\/image\\\/\"},\"sameAs\":[\"https:\\\/\\\/www.facebook.com\\\/pages\\\/Jneda-Misa-klalistemaja\\\/175778449138025\"]}]}<\/script>\n<!-- \/ Yoast SEO plugin. -->","yoast_head_json":{"title":"\u0422\u0435\u0430\u0442\u0440 Pullitalliteater - J\u00e4neda M\u00f5is","robots":{"index":"index","follow":"follow","max-snippet":"max-snippet:-1","max-image-preview":"max-image-preview:large","max-video-preview":"max-video-preview:-1"},"canonical":"https:\/\/janedaturism.ee\/ru\/teatr-pullitalliteater\/","og_locale":"ru_RU","og_type":"article","og_title":"\u0422\u0435\u0430\u0442\u0440 Pullitalliteater - J\u00e4neda M\u00f5is","og_url":"https:\/\/janedaturism.ee\/ru\/teatr-pullitalliteater\/","og_site_name":"J\u00e4neda M\u00f5is","article_publisher":"https:\/\/www.facebook.com\/pages\/Jneda-Misa-klalistemaja\/175778449138025","article_modified_time":"2023-02-17T09:16:14+00:00","twitter_card":"summary_large_image","twitter_misc":{"\u041f\u0440\u0438\u043c\u0435\u0440\u043d\u043e\u0435 \u0432\u0440\u0435\u043c\u044f \u0434\u043b\u044f \u0447\u0442\u0435\u043d\u0438\u044f":"4 \u043c\u0438\u043d\u0443\u0442\u044b"},"schema":{"@context":"https:\/\/schema.org","@graph":[{"@type":"WebPage","@id":"https:\/\/janedaturism.ee\/ru\/teatr-pullitalliteater\/","url":"https:\/\/janedaturism.ee\/ru\/teatr-pullitalliteater\/","name":"\u0422\u0435\u0430\u0442\u0440 Pullitalliteater - J\u00e4neda M\u00f5is","isPartOf":{"@id":"https:\/\/janedaturism.ee\/ru\/#website"},"datePublished":"2022-01-21T09:53:24+00:00","dateModified":"2023-02-17T09:16:14+00:00","breadcrumb":{"@id":"https:\/\/janedaturism.ee\/ru\/teatr-pullitalliteater\/#breadcrumb"},"inLanguage":"ru-RU","potentialAction":[{"@type":"ReadAction","target":["https:\/\/janedaturism.ee\/ru\/teatr-pullitalliteater\/"]}]},{"@type":"BreadcrumbList","@id":"https:\/\/janedaturism.ee\/ru\/teatr-pullitalliteater\/#breadcrumb","itemListElement":[{"@type":"ListItem","position":1,"name":"Home","item":"https:\/\/janedaturism.ee\/ru\/"},{"@type":"ListItem","position":2,"name":"\u0422\u0435\u0430\u0442\u0440 Pullitalliteater"}]},{"@type":"WebSite","@id":"https:\/\/janedaturism.ee\/ru\/#website","url":"https:\/\/janedaturism.ee\/ru\/","name":"J\u00e4neda M\u00f5is","description":"","publisher":{"@id":"https:\/\/janedaturism.ee\/ru\/#organization"},"potentialAction":[{"@type":"SearchAction","target":{"@type":"EntryPoint","urlTemplate":"https:\/\/janedaturism.ee\/ru\/?s={search_term_string}"},"query-input":{"@type":"PropertyValueSpecification","valueRequired":true,"valueName":"search_term_string"}}],"inLanguage":"ru-RU"},{"@type":"Organization","@id":"https:\/\/janedaturism.ee\/ru\/#organization","name":"J\u00e4neda M\u00f5is O\u00dc","url":"https:\/\/janedaturism.ee\/ru\/","logo":{"@type":"ImageObject","inLanguage":"ru-RU","@id":"https:\/\/janedaturism.ee\/ru\/#\/schema\/logo\/image\/","url":"https:\/\/janedaturism.ee\/wp-content\/uploads\/2022\/05\/Janeda_350.png","contentUrl":"https:\/\/janedaturism.ee\/wp-content\/uploads\/2022\/05\/Janeda_350.png","width":350,"height":272,"caption":"J\u00e4neda M\u00f5is O\u00dc"},"image":{"@id":"https:\/\/janedaturism.ee\/ru\/#\/schema\/logo\/image\/"},"sameAs":["https:\/\/www.facebook.com\/pages\/Jneda-Misa-klalistemaja\/175778449138025"]}]}},"_links":{"self":[{"href":"https:\/\/janedaturism.ee\/ru\/wp-json\/wp\/v2\/pages\/1380","targetHints":{"allow":["GET"]}}],"collection":[{"href":"https:\/\/janedaturism.ee\/ru\/wp-json\/wp\/v2\/pages"}],"about":[{"href":"https:\/\/janedaturism.ee\/ru\/wp-json\/wp\/v2\/types\/page"}],"author":[{"embeddable":true,"href":"https:\/\/janedaturism.ee\/ru\/wp-json\/wp\/v2\/users\/1"}],"replies":[{"embeddable":true,"href":"https:\/\/janedaturism.ee\/ru\/wp-json\/wp\/v2\/comments?post=1380"}],"version-history":[{"count":0,"href":"https:\/\/janedaturism.ee\/ru\/wp-json\/wp\/v2\/pages\/1380\/revisions"}],"wp:attachment":[{"href":"https:\/\/janedaturism.ee\/ru\/wp-json\/wp\/v2\/media?parent=1380"}],"curies":[{"name":"wp","href":"https:\/\/api.w.org\/{rel}","templated":true}]}}