{"id":1589,"date":"2022-01-11T15:45:28","date_gmt":"2022-01-11T12:45:28","guid":{"rendered":"https:\/\/janedaturism.ee\/fairs\/"},"modified":"2025-01-23T17:39:19","modified_gmt":"2025-01-23T14:39:19","slug":"fairs","status":"publish","type":"page","link":"https:\/\/janedaturism.ee\/en\/fairs\/","title":{"rendered":"Fairs"},"content":{"rendered":"<p><div class=\"fusion-fullwidth fullwidth-box fusion-builder-row-1 fusion-flex-container nonhundred-percent-fullwidth non-hundred-percent-height-scrolling\" style=\"--awb-border-radius-top-left:0px;--awb-border-radius-top-right:0px;--awb-border-radius-bottom-right:0px;--awb-border-radius-bottom-left:0px;--awb-flex-wrap:wrap;\" ><div class=\"fusion-builder-row fusion-row fusion-flex-align-items-flex-start fusion-flex-content-wrap\" style=\"max-width:1248px;margin-left: calc(-4% \/ 2 );margin-right: calc(-4% \/ 2 );\"><div class=\"fusion-layout-column fusion_builder_column fusion-builder-column-0 fusion_builder_column_1_1 1_1 fusion-flex-column\" style=\"--awb-bg-size:cover;--awb-width-large:100%;--awb-margin-top-large:0px;--awb-spacing-right-large:1.92%;--awb-margin-bottom-large:20px;--awb-spacing-left-large:1.92%;--awb-width-medium:100%;--awb-order-medium:0;--awb-spacing-right-medium:1.92%;--awb-spacing-left-medium:1.92%;--awb-width-small:100%;--awb-order-small:0;--awb-spacing-right-small:1.92%;--awb-spacing-left-small:1.92%;\"><div class=\"fusion-column-wrapper fusion-column-has-shadow fusion-flex-justify-content-flex-start fusion-content-layout-column\"><div class=\"fusion-text fusion-text-1\" style=\"--awb-text-transform:none;\"><h1>Fairs<\/h1>\n<\/div><div class=\"fusion-text fusion-text-2\" style=\"--awb-text-transform:none;\"><p>We organize various events and fairs. You can participate in fairs as a guest or rent your own booth.<\/p>\n<\/div><\/div><\/div><div class=\"fusion-layout-column fusion_builder_column fusion-builder-column-1 fusion_builder_column_1_3 1_3 fusion-flex-column fusion-column-inner-bg-wrapper\" style=\"--awb-overflow:hidden;--awb-inner-bg-color:#973f2e;--awb-inner-bg-color-hover:#973f2e;--awb-inner-bg-size:cover;--awb-border-color:rgba(151,63,46,0.41);--awb-border-style:solid;--awb-border-radius:10px 10px 10px 10px;--awb-inner-bg-border-radius:10px 10px 10px 10px;--awb-inner-bg-overflow:hidden;--awb-width-large:33.333333333333%;--awb-margin-top-large:0px;--awb-spacing-right-large:5.76%;--awb-margin-bottom-large:20px;--awb-spacing-left-large:5.76%;--awb-width-medium:33.333333333333%;--awb-order-medium:0;--awb-spacing-right-medium:5.76%;--awb-spacing-left-medium:5.76%;--awb-width-small:100%;--awb-order-small:1;--awb-spacing-right-small:1.92%;--awb-spacing-left-small:1.92%;\"><span class=\"fusion-column-inner-bg hover-type-none\"><a class=\"fusion-column-anchor\" href=\"https:\/\/janedaturism.ee\/en\/fairs\/garden-and-flower-days\/\"><span class=\"fusion-column-inner-bg-image\"><\/span><\/a><\/span><div class=\"fusion-column-wrapper fusion-column-has-shadow fusion-flex-justify-content-flex-start fusion-content-layout-column\"><div class=\"fusion-image-element \" style=\"--awb-aspect-ratio:3 \/ 1;--awb-caption-title-font-family:var(--h2_typography-font-family);--awb-caption-title-font-weight:var(--h2_typography-font-weight);--awb-caption-title-font-style:var(--h2_typography-font-style);--awb-caption-title-size:var(--h2_typography-font-size);--awb-caption-title-transform:var(--h2_typography-text-transform);--awb-caption-title-line-height:var(--h2_typography-line-height);--awb-caption-title-letter-spacing:var(--h2_typography-letter-spacing);\"><span class=\" fusion-imageframe imageframe-none imageframe-1 hover-type-none has-aspect-ratio\"><img decoding=\"async\" width=\"900\" height=\"600\" alt=\"Aia- ja lillep\u00e4evad J\u00e4nedal\" title=\"2012-06-01_03_Aiap-018\" src=\"https:\/\/janedaturism.ee\/wp-content\/uploads\/2022\/07\/2012-06-01_03_Aiap-018.jpg\" class=\"img-responsive wp-image-1081 img-with-aspect-ratio\" data-parent-fit=\"cover\" data-parent-container=\".fusion-image-element\" srcset=\"https:\/\/janedaturism.ee\/wp-content\/uploads\/2022\/07\/2012-06-01_03_Aiap-018-200x133.jpg 200w, https:\/\/janedaturism.ee\/wp-content\/uploads\/2022\/07\/2012-06-01_03_Aiap-018-400x267.jpg 400w, https:\/\/janedaturism.ee\/wp-content\/uploads\/2022\/07\/2012-06-01_03_Aiap-018-600x400.jpg 600w, https:\/\/janedaturism.ee\/wp-content\/uploads\/2022\/07\/2012-06-01_03_Aiap-018-800x533.jpg 800w, https:\/\/janedaturism.ee\/wp-content\/uploads\/2022\/07\/2012-06-01_03_Aiap-018.jpg 900w\" sizes=\"(max-width: 800px) 100vw, 400px\" \/><\/span><\/div><div class=\"fusion-text fusion-text-3\" style=\"--awb-text-transform:none;--awb-text-color:var(--awb-color1);--awb-margin-top:20px;\"><h2 style=\"text-align: center;\"><span style=\"color: #ffffff;\">Garden and Flower Days<\/span><\/h2>\n<\/div><div class=\"fusion-text fusion-text-4\" style=\"--awb-text-transform:none;--awb-text-color:var(--awb-color1);\"><p style=\"text-align: center;\"><strong>23-24.05.2026<\/strong><\/p>\n<\/div><\/div><\/div><div class=\"fusion-layout-column fusion_builder_column fusion-builder-column-2 fusion_builder_column_1_3 1_3 fusion-flex-column fusion-column-inner-bg-wrapper\" style=\"--awb-overflow:hidden;--awb-inner-bg-color:#973f2e;--awb-inner-bg-color-hover:#973f2e;--awb-inner-bg-size:cover;--awb-border-color:rgba(151,63,46,0.41);--awb-border-style:solid;--awb-border-radius:10px 10px 10px 10px;--awb-inner-bg-border-radius:10px 10px 10px 10px;--awb-inner-bg-overflow:hidden;--awb-width-large:33.333333333333%;--awb-margin-top-large:0px;--awb-spacing-right-large:5.76%;--awb-margin-bottom-large:20px;--awb-spacing-left-large:5.76%;--awb-width-medium:33.333333333333%;--awb-order-medium:0;--awb-spacing-right-medium:5.76%;--awb-spacing-left-medium:5.76%;--awb-width-small:100%;--awb-order-small:3;--awb-spacing-right-small:1.92%;--awb-spacing-left-small:1.92%;\"><span class=\"fusion-column-inner-bg hover-type-none\"><a class=\"fusion-column-anchor\" href=\"https:\/\/janedaturism.ee\/en\/fairs\/farm-days\/\"><span class=\"fusion-column-inner-bg-image\"><\/span><\/a><\/span><div class=\"fusion-column-wrapper fusion-column-has-shadow fusion-flex-justify-content-flex-start fusion-content-layout-column\"><div class=\"fusion-image-element \" style=\"--awb-aspect-ratio:3 \/ 1;--awb-object-position:38% 48%;--awb-caption-title-font-family:var(--h2_typography-font-family);--awb-caption-title-font-weight:var(--h2_typography-font-weight);--awb-caption-title-font-style:var(--h2_typography-font-style);--awb-caption-title-size:var(--h2_typography-font-size);--awb-caption-title-transform:var(--h2_typography-text-transform);--awb-caption-title-line-height:var(--h2_typography-line-height);--awb-caption-title-letter-spacing:var(--h2_typography-letter-spacing);\"><span class=\" fusion-imageframe imageframe-none imageframe-2 hover-type-none has-aspect-ratio\"><img decoding=\"async\" width=\"1500\" height=\"600\" alt=\"J\u00e4neda\" title=\"Talupaevad Janeda laat\" src=\"https:\/\/janedaturism.ee\/wp-content\/uploads\/2022\/09\/Talupaevad-Janeda-laat.jpg\" class=\"img-responsive wp-image-1939 img-with-aspect-ratio\" data-parent-fit=\"cover\" data-parent-container=\".fusion-image-element\" srcset=\"https:\/\/janedaturism.ee\/wp-content\/uploads\/2022\/09\/Talupaevad-Janeda-laat-200x80.jpg 200w, https:\/\/janedaturism.ee\/wp-content\/uploads\/2022\/09\/Talupaevad-Janeda-laat-400x160.jpg 400w, https:\/\/janedaturism.ee\/wp-content\/uploads\/2022\/09\/Talupaevad-Janeda-laat-600x240.jpg 600w, https:\/\/janedaturism.ee\/wp-content\/uploads\/2022\/09\/Talupaevad-Janeda-laat-800x320.jpg 800w, https:\/\/janedaturism.ee\/wp-content\/uploads\/2022\/09\/Talupaevad-Janeda-laat-1200x480.jpg 1200w, https:\/\/janedaturism.ee\/wp-content\/uploads\/2022\/09\/Talupaevad-Janeda-laat.jpg 1500w\" sizes=\"(max-width: 800px) 100vw, 400px\" \/><\/span><\/div><div class=\"fusion-text fusion-text-5\" style=\"--awb-text-transform:none;--awb-margin-top:20px;\"><h2 style=\"text-align: center;\"><span style=\"color: #ffffff;\">Farm days<\/span><\/h2>\n<\/div><div class=\"fusion-text fusion-text-6\" style=\"--awb-text-transform:none;--awb-text-color:var(--awb-color1);\"><p style=\"text-align: center;\"><strong>18.07.2026<\/strong><\/p>\n<\/div><\/div><\/div><div class=\"fusion-layout-column fusion_builder_column fusion-builder-column-3 fusion_builder_column_1_3 1_3 fusion-flex-column fusion-column-inner-bg-wrapper\" style=\"--awb-overflow:hidden;--awb-inner-bg-color:#973f2e;--awb-inner-bg-color-hover:#973f2e;--awb-inner-bg-size:cover;--awb-border-color:rgba(151,63,46,0.41);--awb-border-style:solid;--awb-border-radius:10px 10px 10px 10px;--awb-inner-bg-border-radius:10px 10px 10px 10px;--awb-inner-bg-overflow:hidden;--awb-width-large:33.333333333333%;--awb-margin-top-large:0px;--awb-spacing-right-large:5.76%;--awb-margin-bottom-large:20px;--awb-spacing-left-large:5.76%;--awb-width-medium:33.333333333333%;--awb-order-medium:0;--awb-spacing-right-medium:5.76%;--awb-spacing-left-medium:5.76%;--awb-width-small:100%;--awb-order-small:5;--awb-spacing-right-small:1.92%;--awb-spacing-left-small:1.92%;\"><span class=\"fusion-column-inner-bg hover-type-none\"><a class=\"fusion-column-anchor\" href=\"https:\/\/janedaturism.ee\/en\/fairs\/autumn-fair\/\"><span class=\"fusion-column-inner-bg-image\"><\/span><\/a><\/span><div class=\"fusion-column-wrapper fusion-column-has-shadow fusion-flex-justify-content-flex-start fusion-content-layout-column\"><div class=\"fusion-image-element \" style=\"--awb-aspect-ratio:3 \/ 1;--awb-object-position:38% 48%;--awb-caption-title-font-family:var(--h2_typography-font-family);--awb-caption-title-font-weight:var(--h2_typography-font-weight);--awb-caption-title-font-style:var(--h2_typography-font-style);--awb-caption-title-size:var(--h2_typography-font-size);--awb-caption-title-transform:var(--h2_typography-text-transform);--awb-caption-title-line-height:var(--h2_typography-line-height);--awb-caption-title-letter-spacing:var(--h2_typography-letter-spacing);\"><span class=\" fusion-imageframe imageframe-none imageframe-3 hover-type-none has-aspect-ratio\"><img decoding=\"async\" width=\"1500\" height=\"600\" alt=\"J\u00e4neda\" title=\"Sugislaat Janedal\" src=\"https:\/\/janedaturism.ee\/wp-content\/uploads\/2022\/09\/Sugislaat-Janedal.jpg\" class=\"img-responsive wp-image-1943 img-with-aspect-ratio\" data-parent-fit=\"cover\" data-parent-container=\".fusion-image-element\" srcset=\"https:\/\/janedaturism.ee\/wp-content\/uploads\/2022\/09\/Sugislaat-Janedal-200x80.jpg 200w, https:\/\/janedaturism.ee\/wp-content\/uploads\/2022\/09\/Sugislaat-Janedal-400x160.jpg 400w, https:\/\/janedaturism.ee\/wp-content\/uploads\/2022\/09\/Sugislaat-Janedal-600x240.jpg 600w, https:\/\/janedaturism.ee\/wp-content\/uploads\/2022\/09\/Sugislaat-Janedal-800x320.jpg 800w, https:\/\/janedaturism.ee\/wp-content\/uploads\/2022\/09\/Sugislaat-Janedal-1200x480.jpg 1200w, https:\/\/janedaturism.ee\/wp-content\/uploads\/2022\/09\/Sugislaat-Janedal.jpg 1500w\" sizes=\"(max-width: 800px) 100vw, 400px\" \/><\/span><\/div><div class=\"fusion-text fusion-text-7\" style=\"--awb-text-transform:none;--awb-margin-top:20px;\"><h2 style=\"text-align: center;\"><span style=\"color: #ffffff;\">Autumn fair<\/span><\/h2>\n<\/div><div class=\"fusion-text fusion-text-8\" style=\"--awb-text-transform:none;--awb-text-color:var(--awb-color1);\"><p style=\"text-align: center;\"><strong>5.09.2026<\/strong><\/p>\n<\/div><\/div><\/div><\/div><\/div><\/p>\n","protected":false},"excerpt":{"rendered":"","protected":false},"author":1,"featured_media":0,"parent":0,"menu_order":0,"comment_status":"closed","ping_status":"closed","template":"","meta":{"footnotes":""},"class_list":["post-1589","page","type-page","status-publish","hentry"],"yoast_head":"<!-- This site is optimized with the Yoast SEO plugin v27.3 - https:\/\/yoast.com\/product\/yoast-seo-wordpress\/ -->\n<title>Fairs - J\u00e4neda M\u00f5is<\/title>\n<meta name=\"description\" content=\"We organize various events and fairs. You can participate in fairs as a guest or rent your own booth.\" \/>\n<meta name=\"robots\" content=\"index, follow, max-snippet:-1, max-image-preview:large, max-video-preview:-1\" \/>\n<link rel=\"canonical\" href=\"https:\/\/janedaturism.ee\/en\/fairs\/\" \/>\n<meta property=\"og:locale\" content=\"en_US\" \/>\n<meta property=\"og:type\" content=\"article\" \/>\n<meta property=\"og:title\" content=\"Fairs - J\u00e4neda M\u00f5is\" \/>\n<meta property=\"og:description\" content=\"We organize various events and fairs. You can participate in fairs as a guest or rent your own booth.\" \/>\n<meta property=\"og:url\" content=\"https:\/\/janedaturism.ee\/en\/fairs\/\" \/>\n<meta property=\"og:site_name\" content=\"J\u00e4neda M\u00f5is\" \/>\n<meta property=\"article:publisher\" content=\"https:\/\/www.facebook.com\/pages\/Jneda-Misa-klalistemaja\/175778449138025\" \/>\n<meta property=\"article:modified_time\" content=\"2025-01-23T14:39:19+00:00\" \/>\n<meta name=\"twitter:card\" content=\"summary_large_image\" \/>\n<meta name=\"twitter:label1\" content=\"Est. reading time\" \/>\n\t<meta name=\"twitter:data1\" content=\"1 minute\" \/>\n<script type=\"application\/ld+json\" class=\"yoast-schema-graph\">{\"@context\":\"https:\\\/\\\/schema.org\",\"@graph\":[{\"@type\":\"WebPage\",\"@id\":\"https:\\\/\\\/janedaturism.ee\\\/en\\\/fairs\\\/\",\"url\":\"https:\\\/\\\/janedaturism.ee\\\/en\\\/fairs\\\/\",\"name\":\"Fairs - J\u00e4neda M\u00f5is\",\"isPartOf\":{\"@id\":\"https:\\\/\\\/janedaturism.ee\\\/en\\\/#website\"},\"datePublished\":\"2022-01-11T12:45:28+00:00\",\"dateModified\":\"2025-01-23T14:39:19+00:00\",\"description\":\"We organize various events and fairs. You can participate in fairs as a guest or rent your own booth.\",\"breadcrumb\":{\"@id\":\"https:\\\/\\\/janedaturism.ee\\\/en\\\/fairs\\\/#breadcrumb\"},\"inLanguage\":\"en-US\",\"potentialAction\":[{\"@type\":\"ReadAction\",\"target\":[\"https:\\\/\\\/janedaturism.ee\\\/en\\\/fairs\\\/\"]}]},{\"@type\":\"BreadcrumbList\",\"@id\":\"https:\\\/\\\/janedaturism.ee\\\/en\\\/fairs\\\/#breadcrumb\",\"itemListElement\":[{\"@type\":\"ListItem\",\"position\":1,\"name\":\"Home\",\"item\":\"https:\\\/\\\/janedaturism.ee\\\/en\\\/\"},{\"@type\":\"ListItem\",\"position\":2,\"name\":\"Fairs\"}]},{\"@type\":\"WebSite\",\"@id\":\"https:\\\/\\\/janedaturism.ee\\\/en\\\/#website\",\"url\":\"https:\\\/\\\/janedaturism.ee\\\/en\\\/\",\"name\":\"J\u00e4neda M\u00f5is\",\"description\":\"\",\"publisher\":{\"@id\":\"https:\\\/\\\/janedaturism.ee\\\/en\\\/#organization\"},\"potentialAction\":[{\"@type\":\"SearchAction\",\"target\":{\"@type\":\"EntryPoint\",\"urlTemplate\":\"https:\\\/\\\/janedaturism.ee\\\/en\\\/?s={search_term_string}\"},\"query-input\":{\"@type\":\"PropertyValueSpecification\",\"valueRequired\":true,\"valueName\":\"search_term_string\"}}],\"inLanguage\":\"en-US\"},{\"@type\":\"Organization\",\"@id\":\"https:\\\/\\\/janedaturism.ee\\\/en\\\/#organization\",\"name\":\"J\u00e4neda M\u00f5is O\u00dc\",\"url\":\"https:\\\/\\\/janedaturism.ee\\\/en\\\/\",\"logo\":{\"@type\":\"ImageObject\",\"inLanguage\":\"en-US\",\"@id\":\"https:\\\/\\\/janedaturism.ee\\\/en\\\/#\\\/schema\\\/logo\\\/image\\\/\",\"url\":\"https:\\\/\\\/janedaturism.ee\\\/wp-content\\\/uploads\\\/2022\\\/05\\\/Janeda_350.png\",\"contentUrl\":\"https:\\\/\\\/janedaturism.ee\\\/wp-content\\\/uploads\\\/2022\\\/05\\\/Janeda_350.png\",\"width\":350,\"height\":272,\"caption\":\"J\u00e4neda M\u00f5is O\u00dc\"},\"image\":{\"@id\":\"https:\\\/\\\/janedaturism.ee\\\/en\\\/#\\\/schema\\\/logo\\\/image\\\/\"},\"sameAs\":[\"https:\\\/\\\/www.facebook.com\\\/pages\\\/Jneda-Misa-klalistemaja\\\/175778449138025\"]}]}<\/script>\n<!-- \/ Yoast SEO plugin. -->","yoast_head_json":{"title":"Fairs - J\u00e4neda M\u00f5is","description":"We organize various events and fairs. You can participate in fairs as a guest or rent your own booth.","robots":{"index":"index","follow":"follow","max-snippet":"max-snippet:-1","max-image-preview":"max-image-preview:large","max-video-preview":"max-video-preview:-1"},"canonical":"https:\/\/janedaturism.ee\/en\/fairs\/","og_locale":"en_US","og_type":"article","og_title":"Fairs - J\u00e4neda M\u00f5is","og_description":"We organize various events and fairs. You can participate in fairs as a guest or rent your own booth.","og_url":"https:\/\/janedaturism.ee\/en\/fairs\/","og_site_name":"J\u00e4neda M\u00f5is","article_publisher":"https:\/\/www.facebook.com\/pages\/Jneda-Misa-klalistemaja\/175778449138025","article_modified_time":"2025-01-23T14:39:19+00:00","twitter_card":"summary_large_image","twitter_misc":{"Est. reading time":"1 minute"},"schema":{"@context":"https:\/\/schema.org","@graph":[{"@type":"WebPage","@id":"https:\/\/janedaturism.ee\/en\/fairs\/","url":"https:\/\/janedaturism.ee\/en\/fairs\/","name":"Fairs - J\u00e4neda M\u00f5is","isPartOf":{"@id":"https:\/\/janedaturism.ee\/en\/#website"},"datePublished":"2022-01-11T12:45:28+00:00","dateModified":"2025-01-23T14:39:19+00:00","description":"We organize various events and fairs. You can participate in fairs as a guest or rent your own booth.","breadcrumb":{"@id":"https:\/\/janedaturism.ee\/en\/fairs\/#breadcrumb"},"inLanguage":"en-US","potentialAction":[{"@type":"ReadAction","target":["https:\/\/janedaturism.ee\/en\/fairs\/"]}]},{"@type":"BreadcrumbList","@id":"https:\/\/janedaturism.ee\/en\/fairs\/#breadcrumb","itemListElement":[{"@type":"ListItem","position":1,"name":"Home","item":"https:\/\/janedaturism.ee\/en\/"},{"@type":"ListItem","position":2,"name":"Fairs"}]},{"@type":"WebSite","@id":"https:\/\/janedaturism.ee\/en\/#website","url":"https:\/\/janedaturism.ee\/en\/","name":"J\u00e4neda M\u00f5is","description":"","publisher":{"@id":"https:\/\/janedaturism.ee\/en\/#organization"},"potentialAction":[{"@type":"SearchAction","target":{"@type":"EntryPoint","urlTemplate":"https:\/\/janedaturism.ee\/en\/?s={search_term_string}"},"query-input":{"@type":"PropertyValueSpecification","valueRequired":true,"valueName":"search_term_string"}}],"inLanguage":"en-US"},{"@type":"Organization","@id":"https:\/\/janedaturism.ee\/en\/#organization","name":"J\u00e4neda M\u00f5is O\u00dc","url":"https:\/\/janedaturism.ee\/en\/","logo":{"@type":"ImageObject","inLanguage":"en-US","@id":"https:\/\/janedaturism.ee\/en\/#\/schema\/logo\/image\/","url":"https:\/\/janedaturism.ee\/wp-content\/uploads\/2022\/05\/Janeda_350.png","contentUrl":"https:\/\/janedaturism.ee\/wp-content\/uploads\/2022\/05\/Janeda_350.png","width":350,"height":272,"caption":"J\u00e4neda M\u00f5is O\u00dc"},"image":{"@id":"https:\/\/janedaturism.ee\/en\/#\/schema\/logo\/image\/"},"sameAs":["https:\/\/www.facebook.com\/pages\/Jneda-Misa-klalistemaja\/175778449138025"]}]}},"_links":{"self":[{"href":"https:\/\/janedaturism.ee\/en\/wp-json\/wp\/v2\/pages\/1589","targetHints":{"allow":["GET"]}}],"collection":[{"href":"https:\/\/janedaturism.ee\/en\/wp-json\/wp\/v2\/pages"}],"about":[{"href":"https:\/\/janedaturism.ee\/en\/wp-json\/wp\/v2\/types\/page"}],"author":[{"embeddable":true,"href":"https:\/\/janedaturism.ee\/en\/wp-json\/wp\/v2\/users\/1"}],"replies":[{"embeddable":true,"href":"https:\/\/janedaturism.ee\/en\/wp-json\/wp\/v2\/comments?post=1589"}],"version-history":[{"count":1,"href":"https:\/\/janedaturism.ee\/en\/wp-json\/wp\/v2\/pages\/1589\/revisions"}],"predecessor-version":[{"id":4032,"href":"https:\/\/janedaturism.ee\/en\/wp-json\/wp\/v2\/pages\/1589\/revisions\/4032"}],"wp:attachment":[{"href":"https:\/\/janedaturism.ee\/en\/wp-json\/wp\/v2\/media?parent=1589"}],"curies":[{"name":"wp","href":"https:\/\/api.w.org\/{rel}","templated":true}]}}