{"id":1560,"date":"2022-01-18T15:11:23","date_gmt":"2022-01-18T12:11:23","guid":{"rendered":"https:\/\/janedaturism.ee\/catering\/"},"modified":"2026-02-09T21:24:46","modified_gmt":"2026-02-09T18:24:46","slug":"catering","status":"publish","type":"page","link":"https:\/\/janedaturism.ee\/en\/services-and-prices\/catering\/","title":{"rendered":"Catering"},"content":{"rendered":"<div class=\"fusion-fullwidth fullwidth-box fusion-builder-row-1 fusion-flex-container nonhundred-percent-fullwidth non-hundred-percent-height-scrolling\" style=\"--awb-border-radius-top-left:0px;--awb-border-radius-top-right:0px;--awb-border-radius-bottom-right:0px;--awb-border-radius-bottom-left:0px;--awb-flex-wrap:wrap;\" ><div class=\"fusion-builder-row fusion-row fusion-flex-align-items-flex-start fusion-flex-content-wrap\" style=\"max-width:1248px;margin-left: calc(-4% \/ 2 );margin-right: calc(-4% \/ 2 );\"><div class=\"fusion-layout-column fusion_builder_column fusion-builder-column-0 fusion_builder_column_1_1 1_1 fusion-flex-column\" style=\"--awb-bg-size:cover;--awb-width-large:100%;--awb-margin-top-large:0px;--awb-spacing-right-large:1.92%;--awb-margin-bottom-large:20px;--awb-spacing-left-large:1.92%;--awb-width-medium:100%;--awb-order-medium:0;--awb-spacing-right-medium:1.92%;--awb-spacing-left-medium:1.92%;--awb-width-small:100%;--awb-order-small:0;--awb-spacing-right-small:1.92%;--awb-spacing-left-small:1.92%;\"><div class=\"fusion-column-wrapper fusion-column-has-shadow fusion-flex-justify-content-flex-start fusion-content-layout-column\"><div class=\"fusion-text fusion-text-1\" style=\"--awb-text-transform:none;\"><div class=\"page-header\">\n<h1>Catering<\/h1>\n<\/div>\n<p>Quality is important to us both in food preparation and service. We are flexible and can set the table for both a small group or even for a thousand diners.<br \/>\nWe offer breakfast, lunch and dinner according to the customer&#8217;s request.<br \/>\nWedding and birthday tables, summer and winter days, outdoor catering.<br \/>\nIn addition to the Restaurant Musta T\u00e4ku Tall\u00a0 and the Castle Hall, we also serve coffee, soft drinks and snacks in the seminar rooms.<\/p>\n<p>Don&#8217;t forget that life consists of tastes as well as tasks!<\/p>\n<p><span class=\"link\">Select the menu that interests you (press the button).<\/span><\/p>\n<\/div><\/div><\/div><div class=\"fusion-layout-column fusion_builder_column fusion-builder-column-1 fusion_builder_column_1_3 1_3 fusion-flex-column\" style=\"--awb-bg-size:cover;--awb-width-large:33.333333333333%;--awb-margin-top-large:0px;--awb-spacing-right-large:5.76%;--awb-margin-bottom-large:20px;--awb-spacing-left-large:5.76%;--awb-width-medium:33.333333333333%;--awb-order-medium:0;--awb-spacing-right-medium:5.76%;--awb-spacing-left-medium:5.76%;--awb-width-small:100%;--awb-order-small:0;--awb-spacing-right-small:1.92%;--awb-spacing-left-small:1.92%;\"><div class=\"fusion-column-wrapper fusion-column-has-shadow fusion-flex-justify-content-flex-start fusion-content-layout-column\"><div style=\"text-align:center;\"><a class=\"fusion-button button-flat button-xlarge button-default fusion-button-default button-1 fusion-button-default-span fusion-button-default-type\" target=\"_self\" href=\"#\" data-toggle=\"modal\" data-target=\".fusion-modal.kohvipaus\"><span class=\"fusion-button-text awb-button__text awb-button__text--default\">Coffee breaks<\/span><\/a><\/div><div class=\"fusion-modal modal fade modal-1 kohvipaus\" tabindex=\"-1\" role=\"dialog\" aria-labelledby=\"modal-heading-1\" aria-hidden=\"true\" style=\"--awb-border-color:#aa9994;--awb-background:#f4ece6;\"><div class=\"modal-dialog modal-lg\" role=\"document\"><div class=\"modal-content fusion-modal-content\"><div class=\"modal-header\"><button class=\"close\" type=\"button\" data-dismiss=\"modal\" aria-hidden=\"true\" aria-label=\"Close\">&times;<\/button><h3 class=\"modal-title\" id=\"modal-heading-1\" data-dismiss=\"modal\" aria-hidden=\"true\"><\/h3><\/div><div class=\"modal-body fusion-clearfix\">\n<h2>Coffee breaks<\/h2>\n<p><strong>Nr. 1 &#8211; 7,00\u20ac<\/strong><\/p>\n<p>Sweet and savory cookies, vegetables with a dipping sauce.<\/p>\n<p><strong>Nr. 2 &#8211; 8,00\u20ac<\/strong><\/p>\n<p>Meat pastry with a choice of fruits.<\/p>\n<p><strong>Nr. 3 &#8211; 12,00\u20ac<\/strong><\/p>\n<p>Salad in a glass, mini sandwich with ham with a choice of fruits and vegetables.<\/p>\n<\/div><\/div><\/div><\/div><\/div><\/div><div class=\"fusion-layout-column fusion_builder_column fusion-builder-column-2 fusion_builder_column_1_3 1_3 fusion-flex-column\" style=\"--awb-bg-size:cover;--awb-width-large:33.333333333333%;--awb-margin-top-large:0px;--awb-spacing-right-large:5.76%;--awb-margin-bottom-large:20px;--awb-spacing-left-large:5.76%;--awb-width-medium:33.333333333333%;--awb-order-medium:0;--awb-spacing-right-medium:5.76%;--awb-spacing-left-medium:5.76%;--awb-width-small:100%;--awb-order-small:0;--awb-spacing-right-small:1.92%;--awb-spacing-left-small:1.92%;\"><div class=\"fusion-column-wrapper fusion-column-has-shadow fusion-flex-justify-content-flex-start fusion-content-layout-column\"><div style=\"text-align:center;\"><a class=\"fusion-button button-flat button-xlarge button-default fusion-button-default button-2 fusion-button-default-span fusion-button-default-type\" target=\"_self\" href=\"#\" data-toggle=\"modal\" data-target=\".fusion-modal.grupimenuu\"><span class=\"fusion-button-text awb-button__text awb-button__text--default\">Group menus<\/span><\/a><\/div><div class=\"fusion-modal modal fade modal-2 grupimenuu\" tabindex=\"-1\" role=\"dialog\" aria-labelledby=\"modal-heading-2\" aria-hidden=\"true\" style=\"--awb-border-color:#aa9994;--awb-background:#f4ece6;\"><div class=\"modal-dialog modal-lg\" role=\"document\"><div class=\"modal-content fusion-modal-content\"><div class=\"modal-header\"><button class=\"close\" type=\"button\" data-dismiss=\"modal\" aria-hidden=\"true\" aria-label=\"Close\">&times;<\/button><h3 class=\"modal-title\" id=\"modal-heading-2\" data-dismiss=\"modal\" aria-hidden=\"true\"><\/h3><\/div><div class=\"modal-body fusion-clearfix\">\n<div class=\"innertube\">\n<div class=\"item-page\">\n<div class=\"page-header\">\n<h2>Group menus<\/h2>\n<\/div>\n<p class=\"western\"><strong>Nr.1 &#8211; 19,00\u20ac<br \/>\n<\/strong>French onion soup.<br \/>\nMeat roll made from ground beef, stuffed with mozzarella cheese and<br \/>\nbasil, barbeque sauce, boiled potatoes with parsley.<br \/>\nFruit drink, water.<\/p>\n<p class=\"western\"><strong>Nr.2 &#8211; 20,00\u20ac<br \/>\n<\/strong>Pork cutlet, baked potatoes, tarragon sauce, fresh salad.<br \/>\nWhipped cream cheese with berries and cookies, in a glass.<br \/>\nCoffee, tea, fruit drink, water.<\/p>\n<p class=\"western\"><strong>Nr.3 &#8211; 24,00\u20ac<br \/>\n<\/strong>Fish soup.<br \/>\nCurry chicken, rice, fresh salad.<br \/>\nFruit juice, water.<\/p>\n<p class=\"western\"><strong>Nr.4 &#8211; 27,00\u20ac<br \/>\n<\/strong>Pumpkin-leek soup.<br \/>\nChicken filet wrapped in bacon, baked potatoes with rosemary, mustard sauce, steamed vegetables.<br \/>\nFruit juice, water.<\/p>\n<p class=\"western\"><strong>Nr. 5 &#8211; 29,00\u20ac<br \/>\n<\/strong>Baked salmon with rose pepper and dill with a warm lemon sauce,<br \/>\ncous-cous, vegetables.<br \/>\n\u201cZebra\u201d cake.<br \/>\nCoffee, tea, fruit drink, water.<\/p>\n<p class=\"western\"><strong>Nr.6 &#8211; 30,00\u20ac<br \/>\n<\/strong>Slow-cooked beef with champignons in a cream sauce, mashed potatoes,<br \/>\nfresh salad.<br \/>\nTiramisu.<br \/>\nCoffee, tea, fruit drink, water.<\/p>\n<p class=\"western\"><strong>The menu applies starting from 10 people.<br \/>\n<\/strong><strong>Option to add soup or dessert in the menu &#8211; 5,00\u20ac<\/strong><\/p>\n<\/div>\n<\/div>\n<\/div><\/div><\/div><\/div><\/div><\/div><div class=\"fusion-layout-column fusion_builder_column fusion-builder-column-3 fusion_builder_column_1_3 1_3 fusion-flex-column\" style=\"--awb-bg-size:cover;--awb-width-large:33.333333333333%;--awb-margin-top-large:0px;--awb-spacing-right-large:5.76%;--awb-margin-bottom-large:20px;--awb-spacing-left-large:5.76%;--awb-width-medium:33.333333333333%;--awb-order-medium:0;--awb-spacing-right-medium:5.76%;--awb-spacing-left-medium:5.76%;--awb-width-small:100%;--awb-order-small:0;--awb-spacing-right-small:1.92%;--awb-spacing-left-small:1.92%;\"><div class=\"fusion-column-wrapper fusion-column-has-shadow fusion-flex-justify-content-flex-start fusion-content-layout-column\"><div style=\"text-align:center;\"><a class=\"fusion-button button-flat button-xlarge button-default fusion-button-default button-3 fusion-button-default-span fusion-button-default-type\" target=\"_self\" href=\"#\" data-toggle=\"modal\" data-target=\".fusion-modal.peolaud\"><span class=\"fusion-button-text awb-button__text awb-button__text--default\">Party table menus<\/span><\/a><\/div><div class=\"fusion-modal modal fade modal-3 peolaud\" tabindex=\"-1\" role=\"dialog\" aria-labelledby=\"modal-heading-3\" aria-hidden=\"true\" style=\"--awb-border-color:#aa9994;--awb-background:#f4ece6;\"><div class=\"modal-dialog modal-lg\" role=\"document\"><div class=\"modal-content fusion-modal-content\"><div class=\"modal-header\"><button class=\"close\" type=\"button\" data-dismiss=\"modal\" aria-hidden=\"true\" aria-label=\"Close\">&times;<\/button><h3 class=\"modal-title\" id=\"modal-heading-3\" data-dismiss=\"modal\" aria-hidden=\"true\"><\/h3><\/div><div class=\"modal-body fusion-clearfix\">\n<h2>Party table menus<\/h2>\n<p><strong>Nr. 1 &#8211;\u00a0 38 \u20ac<\/strong><\/p>\n<p class=\"western\">Smoke dried pig tongue<br \/>\nHam rolls<br \/>\nChicken nuggets<br \/>\nDevilled egg<br \/>\nPotato salad<br \/>\nHerring with sour cream and onions<br \/>\nPickled onions<br \/>\nPotato Salad<br \/>\nPork dish, baked potatoes, sauerkraut<br \/>\nPretzel<br \/>\nCoffee, tea, juice, water<\/p>\n<p><strong>Nr. 2 &#8211; 48 \u20ac<\/strong><\/p>\n<p class=\"western\">Pork Fillet in juniper marinade<br \/>\nChicken roll filled with pear and cheese<br \/>\nBacon minced meat rolls<br \/>\nHam rolls<br \/>\nSalted salmon pieces<br \/>\nFried egg with sprat cream<br \/>\nCaesar salad<br \/>\nGerman-style potato salad<br \/>\nPork carbonnade, wine sauce, baked potatoes, stir-fried vegetables<br \/>\nCondensed milk cake<br \/>\nCoffee, tea, juice, water<\/p>\n<p class=\"western\">In addition, we offer a selection of sweets:<\/p>\n<p class=\"western\"><strong>pretzel with pumice 4,00\u20ac<\/strong><br \/>\n<strong>berry cake 4,00\u20ac<\/strong><br \/>\n<strong>curd cake 5,00\u20ac<br \/>\n<\/strong><br \/>\nMenus for 10 people or more<\/p>\n<\/div><\/div><\/div><\/div><\/div><\/div><\/div><\/div>\n","protected":false},"excerpt":{"rendered":"","protected":false},"author":1,"featured_media":0,"parent":1574,"menu_order":0,"comment_status":"closed","ping_status":"closed","template":"","meta":{"footnotes":""},"class_list":["post-1560","page","type-page","status-publish","hentry"],"yoast_head":"<!-- This site is optimized with the Yoast SEO plugin v27.4 - https:\/\/yoast.com\/product\/yoast-seo-wordpress\/ -->\n<title>Catering - J\u00e4neda M\u00f5is<\/title>\n<meta name=\"description\" content=\"Catering in J\u00e4neda. Wedding and birthday tables, summer and winter days, outdoor catering.\" \/>\n<meta name=\"robots\" content=\"index, follow, max-snippet:-1, max-image-preview:large, max-video-preview:-1\" \/>\n<link rel=\"canonical\" href=\"https:\/\/janedaturism.ee\/en\/services-and-prices\/catering\/\" \/>\n<meta property=\"og:locale\" content=\"en_US\" \/>\n<meta property=\"og:type\" content=\"article\" \/>\n<meta property=\"og:title\" content=\"Catering - J\u00e4neda M\u00f5is\" \/>\n<meta property=\"og:description\" content=\"Catering in J\u00e4neda. Wedding and birthday tables, summer and winter days, outdoor catering.\" \/>\n<meta property=\"og:url\" content=\"https:\/\/janedaturism.ee\/en\/services-and-prices\/catering\/\" \/>\n<meta property=\"og:site_name\" content=\"J\u00e4neda M\u00f5is\" \/>\n<meta property=\"article:publisher\" content=\"https:\/\/www.facebook.com\/pages\/Jneda-Misa-klalistemaja\/175778449138025\" \/>\n<meta property=\"article:modified_time\" content=\"2026-02-09T18:24:46+00:00\" \/>\n<meta name=\"twitter:card\" content=\"summary_large_image\" \/>\n<meta name=\"twitter:label1\" content=\"Est. reading time\" \/>\n\t<meta name=\"twitter:data1\" content=\"3 minutes\" \/>\n<script type=\"application\/ld+json\" class=\"yoast-schema-graph\">{\"@context\":\"https:\\\/\\\/schema.org\",\"@graph\":[{\"@type\":\"WebPage\",\"@id\":\"https:\\\/\\\/janedaturism.ee\\\/en\\\/services-and-prices\\\/catering\\\/\",\"url\":\"https:\\\/\\\/janedaturism.ee\\\/en\\\/services-and-prices\\\/catering\\\/\",\"name\":\"Catering - J\u00e4neda M\u00f5is\",\"isPartOf\":{\"@id\":\"https:\\\/\\\/janedaturism.ee\\\/en\\\/#website\"},\"datePublished\":\"2022-01-18T12:11:23+00:00\",\"dateModified\":\"2026-02-09T18:24:46+00:00\",\"description\":\"Catering in J\u00e4neda. Wedding and birthday tables, summer and winter days, outdoor catering.\",\"breadcrumb\":{\"@id\":\"https:\\\/\\\/janedaturism.ee\\\/en\\\/services-and-prices\\\/catering\\\/#breadcrumb\"},\"inLanguage\":\"en-US\",\"potentialAction\":[{\"@type\":\"ReadAction\",\"target\":[\"https:\\\/\\\/janedaturism.ee\\\/en\\\/services-and-prices\\\/catering\\\/\"]}]},{\"@type\":\"BreadcrumbList\",\"@id\":\"https:\\\/\\\/janedaturism.ee\\\/en\\\/services-and-prices\\\/catering\\\/#breadcrumb\",\"itemListElement\":[{\"@type\":\"ListItem\",\"position\":1,\"name\":\"Home\",\"item\":\"https:\\\/\\\/janedaturism.ee\\\/en\\\/\"},{\"@type\":\"ListItem\",\"position\":2,\"name\":\"Services and prices\",\"item\":\"https:\\\/\\\/janedaturism.ee\\\/en\\\/services-and-prices\\\/\"},{\"@type\":\"ListItem\",\"position\":3,\"name\":\"Catering\"}]},{\"@type\":\"WebSite\",\"@id\":\"https:\\\/\\\/janedaturism.ee\\\/en\\\/#website\",\"url\":\"https:\\\/\\\/janedaturism.ee\\\/en\\\/\",\"name\":\"J\u00e4neda M\u00f5is\",\"description\":\"\",\"publisher\":{\"@id\":\"https:\\\/\\\/janedaturism.ee\\\/en\\\/#organization\"},\"potentialAction\":[{\"@type\":\"SearchAction\",\"target\":{\"@type\":\"EntryPoint\",\"urlTemplate\":\"https:\\\/\\\/janedaturism.ee\\\/en\\\/?s={search_term_string}\"},\"query-input\":{\"@type\":\"PropertyValueSpecification\",\"valueRequired\":true,\"valueName\":\"search_term_string\"}}],\"inLanguage\":\"en-US\"},{\"@type\":\"Organization\",\"@id\":\"https:\\\/\\\/janedaturism.ee\\\/en\\\/#organization\",\"name\":\"J\u00e4neda M\u00f5is O\u00dc\",\"url\":\"https:\\\/\\\/janedaturism.ee\\\/en\\\/\",\"logo\":{\"@type\":\"ImageObject\",\"inLanguage\":\"en-US\",\"@id\":\"https:\\\/\\\/janedaturism.ee\\\/en\\\/#\\\/schema\\\/logo\\\/image\\\/\",\"url\":\"https:\\\/\\\/janedaturism.ee\\\/wp-content\\\/uploads\\\/2022\\\/05\\\/Janeda_350.png\",\"contentUrl\":\"https:\\\/\\\/janedaturism.ee\\\/wp-content\\\/uploads\\\/2022\\\/05\\\/Janeda_350.png\",\"width\":350,\"height\":272,\"caption\":\"J\u00e4neda M\u00f5is O\u00dc\"},\"image\":{\"@id\":\"https:\\\/\\\/janedaturism.ee\\\/en\\\/#\\\/schema\\\/logo\\\/image\\\/\"},\"sameAs\":[\"https:\\\/\\\/www.facebook.com\\\/pages\\\/Jneda-Misa-klalistemaja\\\/175778449138025\"]}]}<\/script>\n<!-- \/ Yoast SEO plugin. -->","yoast_head_json":{"title":"Catering - J\u00e4neda M\u00f5is","description":"Catering in J\u00e4neda. Wedding and birthday tables, summer and winter days, outdoor catering.","robots":{"index":"index","follow":"follow","max-snippet":"max-snippet:-1","max-image-preview":"max-image-preview:large","max-video-preview":"max-video-preview:-1"},"canonical":"https:\/\/janedaturism.ee\/en\/services-and-prices\/catering\/","og_locale":"en_US","og_type":"article","og_title":"Catering - J\u00e4neda M\u00f5is","og_description":"Catering in J\u00e4neda. Wedding and birthday tables, summer and winter days, outdoor catering.","og_url":"https:\/\/janedaturism.ee\/en\/services-and-prices\/catering\/","og_site_name":"J\u00e4neda M\u00f5is","article_publisher":"https:\/\/www.facebook.com\/pages\/Jneda-Misa-klalistemaja\/175778449138025","article_modified_time":"2026-02-09T18:24:46+00:00","twitter_card":"summary_large_image","twitter_misc":{"Est. reading time":"3 minutes"},"schema":{"@context":"https:\/\/schema.org","@graph":[{"@type":"WebPage","@id":"https:\/\/janedaturism.ee\/en\/services-and-prices\/catering\/","url":"https:\/\/janedaturism.ee\/en\/services-and-prices\/catering\/","name":"Catering - J\u00e4neda M\u00f5is","isPartOf":{"@id":"https:\/\/janedaturism.ee\/en\/#website"},"datePublished":"2022-01-18T12:11:23+00:00","dateModified":"2026-02-09T18:24:46+00:00","description":"Catering in J\u00e4neda. Wedding and birthday tables, summer and winter days, outdoor catering.","breadcrumb":{"@id":"https:\/\/janedaturism.ee\/en\/services-and-prices\/catering\/#breadcrumb"},"inLanguage":"en-US","potentialAction":[{"@type":"ReadAction","target":["https:\/\/janedaturism.ee\/en\/services-and-prices\/catering\/"]}]},{"@type":"BreadcrumbList","@id":"https:\/\/janedaturism.ee\/en\/services-and-prices\/catering\/#breadcrumb","itemListElement":[{"@type":"ListItem","position":1,"name":"Home","item":"https:\/\/janedaturism.ee\/en\/"},{"@type":"ListItem","position":2,"name":"Services and prices","item":"https:\/\/janedaturism.ee\/en\/services-and-prices\/"},{"@type":"ListItem","position":3,"name":"Catering"}]},{"@type":"WebSite","@id":"https:\/\/janedaturism.ee\/en\/#website","url":"https:\/\/janedaturism.ee\/en\/","name":"J\u00e4neda M\u00f5is","description":"","publisher":{"@id":"https:\/\/janedaturism.ee\/en\/#organization"},"potentialAction":[{"@type":"SearchAction","target":{"@type":"EntryPoint","urlTemplate":"https:\/\/janedaturism.ee\/en\/?s={search_term_string}"},"query-input":{"@type":"PropertyValueSpecification","valueRequired":true,"valueName":"search_term_string"}}],"inLanguage":"en-US"},{"@type":"Organization","@id":"https:\/\/janedaturism.ee\/en\/#organization","name":"J\u00e4neda M\u00f5is O\u00dc","url":"https:\/\/janedaturism.ee\/en\/","logo":{"@type":"ImageObject","inLanguage":"en-US","@id":"https:\/\/janedaturism.ee\/en\/#\/schema\/logo\/image\/","url":"https:\/\/janedaturism.ee\/wp-content\/uploads\/2022\/05\/Janeda_350.png","contentUrl":"https:\/\/janedaturism.ee\/wp-content\/uploads\/2022\/05\/Janeda_350.png","width":350,"height":272,"caption":"J\u00e4neda M\u00f5is O\u00dc"},"image":{"@id":"https:\/\/janedaturism.ee\/en\/#\/schema\/logo\/image\/"},"sameAs":["https:\/\/www.facebook.com\/pages\/Jneda-Misa-klalistemaja\/175778449138025"]}]}},"_links":{"self":[{"href":"https:\/\/janedaturism.ee\/en\/wp-json\/wp\/v2\/pages\/1560","targetHints":{"allow":["GET"]}}],"collection":[{"href":"https:\/\/janedaturism.ee\/en\/wp-json\/wp\/v2\/pages"}],"about":[{"href":"https:\/\/janedaturism.ee\/en\/wp-json\/wp\/v2\/types\/page"}],"author":[{"embeddable":true,"href":"https:\/\/janedaturism.ee\/en\/wp-json\/wp\/v2\/users\/1"}],"replies":[{"embeddable":true,"href":"https:\/\/janedaturism.ee\/en\/wp-json\/wp\/v2\/comments?post=1560"}],"version-history":[{"count":11,"href":"https:\/\/janedaturism.ee\/en\/wp-json\/wp\/v2\/pages\/1560\/revisions"}],"predecessor-version":[{"id":5235,"href":"https:\/\/janedaturism.ee\/en\/wp-json\/wp\/v2\/pages\/1560\/revisions\/5235"}],"up":[{"embeddable":true,"href":"https:\/\/janedaturism.ee\/en\/wp-json\/wp\/v2\/pages\/1574"}],"wp:attachment":[{"href":"https:\/\/janedaturism.ee\/en\/wp-json\/wp\/v2\/media?parent=1560"}],"curies":[{"name":"wp","href":"https:\/\/api.w.org\/{rel}","templated":true}]}}