{"id":1509,"date":"2022-01-20T12:48:53","date_gmt":"2022-01-20T09:48:53","guid":{"rendered":"https:\/\/janedaturism.ee\/handicraft-center\/"},"modified":"2023-06-09T13:13:16","modified_gmt":"2023-06-09T11:13:16","slug":"handicraft-center","status":"publish","type":"page","link":"https:\/\/janedaturism.ee\/en\/handicraft-center\/","title":{"rendered":"Handicraft Center"},"content":{"rendered":"<p><div class=\"fusion-fullwidth fullwidth-box fusion-builder-row-1 fusion-flex-container nonhundred-percent-fullwidth non-hundred-percent-height-scrolling\" style=\"--awb-border-radius-top-left:0px;--awb-border-radius-top-right:0px;--awb-border-radius-bottom-right:0px;--awb-border-radius-bottom-left:0px;--awb-flex-wrap:wrap;\" ><div class=\"fusion-builder-row fusion-row fusion-flex-align-items-flex-start fusion-flex-content-wrap\" style=\"max-width:1248px;margin-left: calc(-4% \/ 2 );margin-right: calc(-4% \/ 2 );\"><div class=\"fusion-layout-column fusion_builder_column fusion-builder-column-0 fusion_builder_column_1_2 1_2 fusion-flex-column\" style=\"--awb-bg-size:cover;--awb-width-large:50%;--awb-margin-top-large:0px;--awb-spacing-right-large:3.84%;--awb-margin-bottom-large:20px;--awb-spacing-left-large:3.84%;--awb-width-medium:50%;--awb-order-medium:0;--awb-spacing-right-medium:3.84%;--awb-spacing-left-medium:3.84%;--awb-width-small:100%;--awb-order-small:0;--awb-spacing-right-small:1.92%;--awb-spacing-left-small:1.92%;\"><div class=\"fusion-column-wrapper fusion-column-has-shadow fusion-flex-justify-content-flex-start fusion-content-layout-column\"><div class=\"fusion-text fusion-text-1\" style=\"--awb-text-transform:none;\"><h1>Handicraft Center<\/h1>\n<p>Season: <strong>summer &#8211; 27.05.- 09.09.2023 Open Thursday-Sunday 11 -18<\/strong><br \/>\nThe handicraft centre of J\u00e4neda, which operates in a unique environment in the largest premises in Estonia, offers a highly diverse selection of Estonian handicraft. The artisans add extra liveliness to our various events and the opportunity to observe their work gives a conception of the experience accumulated throughout centuries. The handiwork purchased here helps to remember the moments spent at J\u00e4neda for years.<\/p>\n<\/div><\/div><\/div><div class=\"fusion-layout-column fusion_builder_column fusion-builder-column-1 fusion_builder_column_1_2 1_2 fusion-flex-column\" style=\"--awb-bg-size:cover;--awb-width-large:50%;--awb-margin-top-large:0px;--awb-spacing-right-large:3.84%;--awb-margin-bottom-large:20px;--awb-spacing-left-large:3.84%;--awb-width-medium:50%;--awb-order-medium:0;--awb-spacing-right-medium:3.84%;--awb-spacing-left-medium:3.84%;--awb-width-small:100%;--awb-order-small:0;--awb-spacing-right-small:1.92%;--awb-spacing-left-small:1.92%;\"><div class=\"fusion-column-wrapper fusion-column-has-shadow fusion-flex-justify-content-flex-start fusion-content-layout-column\"><div class=\"fusion-image-carousel fusion-image-carousel-auto fusion-image-carousel-1\"><div class=\"awb-carousel awb-swiper awb-swiper-carousel awb-carousel--carousel awb-swiper-dots-position-bottom\" data-layout=\"carousel\" data-autoplay=\"yes\" data-autoplayspeed=\"2500\" data-autoplaypause=\"no\" data-columns=\"1\" data-columnsmedium=\"1\" data-columnssmall=\"1\" data-itemmargin=\"13\" data-itemwidth=\"180\" data-touchscroll=\"no\" data-freemode=\"no\" data-imagesize=\"auto\" data-scrollitems=\"0\" data-centeredslides=\"no\" data-rotationangle=\"50\" data-depth=\"100\" data-speed=\"500\" data-shadow=\"no\" data-pagination=\"bullets\" style=\"--awb-columns:1;\"><div class=\"swiper-wrapper awb-image-carousel-wrapper fusion-flex-align-items-center\"><div class=\"swiper-slide\"><div class=\"fusion-carousel-item-wrapper\"><div class=\"fusion-image-wrapper hover-type-zoomin\"><img decoding=\"async\" width=\"1008\" height=\"490\" src=\"https:\/\/janedaturism.ee\/wp-content\/uploads\/2022\/08\/20220816_183736-e1661170020357.jpg\" class=\"attachment-full size-full\" alt=\"J\u00e4neda K\u00e4sit\u00f6\u00f6keskus\" \/><\/div><\/div><\/div><div class=\"swiper-slide\"><div class=\"fusion-carousel-item-wrapper\"><div class=\"fusion-image-wrapper hover-type-zoomin\"><img decoding=\"async\" width=\"490\" height=\"1008\" src=\"https:\/\/janedaturism.ee\/wp-content\/uploads\/2022\/08\/20220816_183855-rotated-e1661170073227.jpg\" class=\"attachment-full size-full\" alt=\"J\u00e4neda K\u00e4sit\u00f6\u00f6keskus\" \/><\/div><\/div><\/div><div class=\"swiper-slide\"><div class=\"fusion-carousel-item-wrapper\"><div class=\"fusion-image-wrapper hover-type-zoomin\"><img decoding=\"async\" width=\"1008\" height=\"490\" src=\"https:\/\/janedaturism.ee\/wp-content\/uploads\/2022\/08\/20220816_184008-e1661170108469.jpg\" class=\"attachment-full size-full\" alt=\"J\u00e4neda K\u00e4sit\u00f6\u00f6keskus\" \/><\/div><\/div><\/div><div class=\"swiper-slide\"><div class=\"fusion-carousel-item-wrapper\"><div class=\"fusion-image-wrapper hover-type-zoomin\"><img decoding=\"async\" width=\"1008\" height=\"490\" src=\"https:\/\/janedaturism.ee\/wp-content\/uploads\/2022\/08\/20220816_184153-e1661170142453.jpg\" class=\"attachment-full size-full\" alt=\"J\u00e4neda K\u00e4sit\u00f6\u00f6keskus\" \/><\/div><\/div><\/div><div class=\"swiper-slide\"><div class=\"fusion-carousel-item-wrapper\"><div class=\"fusion-image-wrapper hover-type-zoomin\"><img decoding=\"async\" width=\"1008\" height=\"490\" src=\"https:\/\/janedaturism.ee\/wp-content\/uploads\/2022\/08\/20220816_184431-rotated.jpg\" class=\"attachment-full size-full\" alt=\"J\u00e4neda K\u00e4sit\u00f6\u00f6keskus\" srcset=\"https:\/\/janedaturism.ee\/wp-content\/uploads\/2022\/08\/20220816_184431-200x97.jpg 200w, https:\/\/janedaturism.ee\/wp-content\/uploads\/2022\/08\/20220816_184431-300x146.jpg 300w, https:\/\/janedaturism.ee\/wp-content\/uploads\/2022\/08\/20220816_184431-400x194.jpg 400w, https:\/\/janedaturism.ee\/wp-content\/uploads\/2022\/08\/20220816_184431-500x243.jpg 500w, https:\/\/janedaturism.ee\/wp-content\/uploads\/2022\/08\/20220816_184431-600x292.jpg 600w, https:\/\/janedaturism.ee\/wp-content\/uploads\/2022\/08\/20220816_184431-700x340.jpg 700w, https:\/\/janedaturism.ee\/wp-content\/uploads\/2022\/08\/20220816_184431-768x373.jpg 768w, https:\/\/janedaturism.ee\/wp-content\/uploads\/2022\/08\/20220816_184431-800x389.jpg 800w, https:\/\/janedaturism.ee\/wp-content\/uploads\/2022\/08\/20220816_184431-rotated.jpg 1008w\" sizes=\"(max-width: 1008px) 100vw, 1008px\" \/><\/div><\/div><\/div><div class=\"swiper-slide\"><div class=\"fusion-carousel-item-wrapper\"><div class=\"fusion-image-wrapper hover-type-zoomin\"><img decoding=\"async\" width=\"1008\" height=\"490\" src=\"https:\/\/janedaturism.ee\/wp-content\/uploads\/2022\/08\/20220816_184510-rotated.jpg\" class=\"attachment-full size-full\" alt=\"J\u00e4neda K\u00e4sit\u00f6\u00f6keskus\" srcset=\"https:\/\/janedaturism.ee\/wp-content\/uploads\/2022\/08\/20220816_184510-200x97.jpg 200w, https:\/\/janedaturism.ee\/wp-content\/uploads\/2022\/08\/20220816_184510-300x146.jpg 300w, https:\/\/janedaturism.ee\/wp-content\/uploads\/2022\/08\/20220816_184510-400x194.jpg 400w, https:\/\/janedaturism.ee\/wp-content\/uploads\/2022\/08\/20220816_184510-500x243.jpg 500w, https:\/\/janedaturism.ee\/wp-content\/uploads\/2022\/08\/20220816_184510-600x292.jpg 600w, https:\/\/janedaturism.ee\/wp-content\/uploads\/2022\/08\/20220816_184510-700x340.jpg 700w, https:\/\/janedaturism.ee\/wp-content\/uploads\/2022\/08\/20220816_184510-768x373.jpg 768w, https:\/\/janedaturism.ee\/wp-content\/uploads\/2022\/08\/20220816_184510-800x389.jpg 800w, https:\/\/janedaturism.ee\/wp-content\/uploads\/2022\/08\/20220816_184510-rotated.jpg 1008w\" sizes=\"(max-width: 1008px) 100vw, 1008px\" \/><\/div><\/div><\/div><div class=\"swiper-slide\"><div class=\"fusion-carousel-item-wrapper\"><div class=\"fusion-image-wrapper hover-type-zoomin\"><img decoding=\"async\" width=\"1008\" height=\"490\" src=\"https:\/\/janedaturism.ee\/wp-content\/uploads\/2022\/08\/20220816_184529-e1661170169628.jpg\" class=\"attachment-full size-full\" alt=\"J\u00e4neda K\u00e4sit\u00f6\u00f6keskus\" \/><\/div><\/div><\/div><div class=\"swiper-slide\"><div class=\"fusion-carousel-item-wrapper\"><div class=\"fusion-image-wrapper hover-type-zoomin\"><img decoding=\"async\" width=\"490\" height=\"1008\" src=\"https:\/\/janedaturism.ee\/wp-content\/uploads\/2022\/08\/20220816_185357-rotated-e1661170208981.jpg\" class=\"attachment-full size-full\" alt=\"J\u00e4neda K\u00e4sit\u00f6\u00f6keskus\" \/><\/div><\/div><\/div><div class=\"swiper-slide\"><div class=\"fusion-carousel-item-wrapper\"><div class=\"fusion-image-wrapper hover-type-zoomin\"><img decoding=\"async\" width=\"1008\" height=\"490\" src=\"https:\/\/janedaturism.ee\/wp-content\/uploads\/2022\/08\/20220809_153629-rotated.jpg\" class=\"attachment-full size-full\" alt=\"J\u00e4neda K\u00e4sit\u00f6\u00f6keskus\" srcset=\"https:\/\/janedaturism.ee\/wp-content\/uploads\/2022\/08\/20220809_153629-200x97.jpg 200w, https:\/\/janedaturism.ee\/wp-content\/uploads\/2022\/08\/20220809_153629-300x146.jpg 300w, https:\/\/janedaturism.ee\/wp-content\/uploads\/2022\/08\/20220809_153629-400x194.jpg 400w, https:\/\/janedaturism.ee\/wp-content\/uploads\/2022\/08\/20220809_153629-500x243.jpg 500w, https:\/\/janedaturism.ee\/wp-content\/uploads\/2022\/08\/20220809_153629-600x292.jpg 600w, https:\/\/janedaturism.ee\/wp-content\/uploads\/2022\/08\/20220809_153629-700x340.jpg 700w, https:\/\/janedaturism.ee\/wp-content\/uploads\/2022\/08\/20220809_153629-768x373.jpg 768w, https:\/\/janedaturism.ee\/wp-content\/uploads\/2022\/08\/20220809_153629-800x389.jpg 800w, https:\/\/janedaturism.ee\/wp-content\/uploads\/2022\/08\/20220809_153629-rotated.jpg 1008w\" sizes=\"(max-width: 1008px) 100vw, 1008px\" \/><\/div><\/div><\/div><div class=\"swiper-slide\"><div class=\"fusion-carousel-item-wrapper\"><div class=\"fusion-image-wrapper hover-type-zoomin\"><img decoding=\"async\" width=\"1008\" height=\"490\" src=\"https:\/\/janedaturism.ee\/wp-content\/uploads\/2022\/08\/20220809_153720-e1661170268657.jpg\" class=\"attachment-full size-full\" alt=\"J\u00e4neda K\u00e4sit\u00f6\u00f6keskus\" \/><\/div><\/div><\/div><div class=\"swiper-slide\"><div class=\"fusion-carousel-item-wrapper\"><div class=\"fusion-image-wrapper hover-type-zoomin\"><img decoding=\"async\" width=\"1008\" height=\"490\" src=\"https:\/\/janedaturism.ee\/wp-content\/uploads\/2022\/08\/20220809_153817-rotated.jpg\" class=\"attachment-full size-full\" alt=\"J\u00e4neda K\u00e4sit\u00f6\u00f6keskus\" srcset=\"https:\/\/janedaturism.ee\/wp-content\/uploads\/2022\/08\/20220809_153817-200x97.jpg 200w, https:\/\/janedaturism.ee\/wp-content\/uploads\/2022\/08\/20220809_153817-300x146.jpg 300w, https:\/\/janedaturism.ee\/wp-content\/uploads\/2022\/08\/20220809_153817-400x194.jpg 400w, https:\/\/janedaturism.ee\/wp-content\/uploads\/2022\/08\/20220809_153817-500x243.jpg 500w, https:\/\/janedaturism.ee\/wp-content\/uploads\/2022\/08\/20220809_153817-600x292.jpg 600w, https:\/\/janedaturism.ee\/wp-content\/uploads\/2022\/08\/20220809_153817-700x340.jpg 700w, https:\/\/janedaturism.ee\/wp-content\/uploads\/2022\/08\/20220809_153817-768x373.jpg 768w, https:\/\/janedaturism.ee\/wp-content\/uploads\/2022\/08\/20220809_153817-800x389.jpg 800w, https:\/\/janedaturism.ee\/wp-content\/uploads\/2022\/08\/20220809_153817-rotated.jpg 1008w\" sizes=\"(max-width: 1008px) 100vw, 1008px\" \/><\/div><\/div><\/div><div class=\"swiper-slide\"><div class=\"fusion-carousel-item-wrapper\"><div class=\"fusion-image-wrapper hover-type-zoomin\"><img decoding=\"async\" width=\"490\" height=\"1008\" src=\"https:\/\/janedaturism.ee\/wp-content\/uploads\/2022\/08\/20220809_154417-rotated-e1661170290747.jpg\" class=\"attachment-full size-full\" alt=\"J\u00e4neda K\u00e4sit\u00f6\u00f6keskus\" \/><\/div><\/div><\/div><div class=\"swiper-slide\"><div class=\"fusion-carousel-item-wrapper\"><div class=\"fusion-image-wrapper hover-type-zoomin\"><img decoding=\"async\" width=\"1008\" height=\"490\" src=\"https:\/\/janedaturism.ee\/wp-content\/uploads\/2022\/08\/20220816_183403-rotated.jpg\" class=\"attachment-full size-full\" alt=\"J\u00e4neda K\u00e4sit\u00f6\u00f6keskus\" srcset=\"https:\/\/janedaturism.ee\/wp-content\/uploads\/2022\/08\/20220816_183403-200x97.jpg 200w, https:\/\/janedaturism.ee\/wp-content\/uploads\/2022\/08\/20220816_183403-300x146.jpg 300w, https:\/\/janedaturism.ee\/wp-content\/uploads\/2022\/08\/20220816_183403-400x194.jpg 400w, https:\/\/janedaturism.ee\/wp-content\/uploads\/2022\/08\/20220816_183403-500x243.jpg 500w, https:\/\/janedaturism.ee\/wp-content\/uploads\/2022\/08\/20220816_183403-600x292.jpg 600w, https:\/\/janedaturism.ee\/wp-content\/uploads\/2022\/08\/20220816_183403-700x340.jpg 700w, https:\/\/janedaturism.ee\/wp-content\/uploads\/2022\/08\/20220816_183403-768x373.jpg 768w, https:\/\/janedaturism.ee\/wp-content\/uploads\/2022\/08\/20220816_183403-800x389.jpg 800w, https:\/\/janedaturism.ee\/wp-content\/uploads\/2022\/08\/20220816_183403-rotated.jpg 1008w\" sizes=\"(max-width: 1008px) 100vw, 1008px\" \/><\/div><\/div><\/div><div class=\"swiper-slide\"><div class=\"fusion-carousel-item-wrapper\"><div class=\"fusion-image-wrapper hover-type-zoomin\"><img decoding=\"async\" width=\"1008\" height=\"490\" src=\"https:\/\/janedaturism.ee\/wp-content\/uploads\/2022\/08\/20220816_183546-rotated.jpg\" class=\"attachment-full size-full\" alt=\"J\u00e4neda\" srcset=\"https:\/\/janedaturism.ee\/wp-content\/uploads\/2022\/08\/20220816_183546-200x97.jpg 200w, https:\/\/janedaturism.ee\/wp-content\/uploads\/2022\/08\/20220816_183546-300x146.jpg 300w, https:\/\/janedaturism.ee\/wp-content\/uploads\/2022\/08\/20220816_183546-400x194.jpg 400w, https:\/\/janedaturism.ee\/wp-content\/uploads\/2022\/08\/20220816_183546-500x243.jpg 500w, https:\/\/janedaturism.ee\/wp-content\/uploads\/2022\/08\/20220816_183546-600x292.jpg 600w, https:\/\/janedaturism.ee\/wp-content\/uploads\/2022\/08\/20220816_183546-700x340.jpg 700w, https:\/\/janedaturism.ee\/wp-content\/uploads\/2022\/08\/20220816_183546-768x373.jpg 768w, https:\/\/janedaturism.ee\/wp-content\/uploads\/2022\/08\/20220816_183546-800x389.jpg 800w, https:\/\/janedaturism.ee\/wp-content\/uploads\/2022\/08\/20220816_183546-rotated.jpg 1008w\" sizes=\"(max-width: 1008px) 100vw, 1008px\" \/><\/div><\/div><\/div><\/div><div class=\"awb-swiper-button awb-swiper-button-prev\"><i class=\"awb-icon-angle-left\" aria-hidden=\"true\"><\/i><\/div><div class=\"awb-swiper-button awb-swiper-button-next\"><i class=\"awb-icon-angle-right\" aria-hidden=\"true\"><\/i><\/div><\/div><\/div><\/div><\/div><\/div><\/div><div class=\"fusion-fullwidth fullwidth-box fusion-builder-row-2 fusion-flex-container has-pattern-background has-mask-background nonhundred-percent-fullwidth non-hundred-percent-height-scrolling\" style=\"--awb-border-radius-top-left:0px;--awb-border-radius-top-right:0px;--awb-border-radius-bottom-right:0px;--awb-border-radius-bottom-left:0px;--awb-flex-wrap:wrap;\" ><div class=\"fusion-builder-row fusion-row fusion-flex-align-items-flex-start fusion-flex-content-wrap\" style=\"max-width:1248px;margin-left: calc(-4% \/ 2 );margin-right: calc(-4% \/ 2 );\"><div class=\"fusion-layout-column fusion_builder_column fusion-builder-column-2 fusion_builder_column_1_2 1_2 fusion-flex-column\" style=\"--awb-bg-size:cover;--awb-width-large:50%;--awb-margin-top-large:0px;--awb-spacing-right-large:3.84%;--awb-margin-bottom-large:20px;--awb-spacing-left-large:3.84%;--awb-width-medium:50%;--awb-order-medium:0;--awb-spacing-right-medium:3.84%;--awb-spacing-left-medium:3.84%;--awb-width-small:100%;--awb-order-small:0;--awb-spacing-right-small:1.92%;--awb-spacing-left-small:1.92%;\"><div class=\"fusion-column-wrapper fusion-column-has-shadow fusion-flex-justify-content-flex-start fusion-content-layout-column\"><div class=\"fusion-text fusion-text-2 fusion-no-small-visibility fusion-no-medium-visibility\"><p><strong>Porcelain exhibition Baltic timeline<\/strong><\/p>\n<p><span class=\"jCAhz ChMk0b\"><span class=\"ryNqvb\">At the exhibition, you will have the opportunity to see the overview of the porcelain produced and painted in the Baltics.<\/span><\/span> <span class=\"jCAhz ChMk0b\"><span class=\"ryNqvb\">The exhibition is open Thursday- Sunday\u00a0 from 11:00 a.m. to 6:00 p.m. until September.<\/span><\/span><\/p>\n<p><span class=\"jCAhz ChMk0b\"><span class=\"ryNqvb\">Support for culture 5.-<\/span><\/span><\/p>\n<\/div><\/div><\/div><div class=\"fusion-layout-column fusion_builder_column fusion-builder-column-3 fusion_builder_column_1_2 1_2 fusion-flex-column\" style=\"--awb-bg-size:cover;--awb-width-large:50%;--awb-margin-top-large:0px;--awb-spacing-right-large:3.84%;--awb-margin-bottom-large:20px;--awb-spacing-left-large:3.84%;--awb-width-medium:50%;--awb-order-medium:0;--awb-spacing-right-medium:3.84%;--awb-spacing-left-medium:3.84%;--awb-width-small:100%;--awb-order-small:0;--awb-spacing-right-small:1.92%;--awb-spacing-left-small:1.92%;\"><div class=\"fusion-column-wrapper fusion-column-has-shadow fusion-flex-justify-content-flex-start fusion-content-layout-column\"><div class=\"fusion-image-element \" style=\"--awb-caption-title-font-family:var(--h2_typography-font-family);--awb-caption-title-font-weight:var(--h2_typography-font-weight);--awb-caption-title-font-style:var(--h2_typography-font-style);--awb-caption-title-size:var(--h2_typography-font-size);--awb-caption-title-transform:var(--h2_typography-text-transform);--awb-caption-title-line-height:var(--h2_typography-line-height);--awb-caption-title-letter-spacing:var(--h2_typography-letter-spacing);\"><span class=\" fusion-imageframe imageframe-none imageframe-1 hover-type-none\"><img decoding=\"async\" width=\"300\" height=\"185\" title=\"20230418_190836\" src=\"https:\/\/janedaturism.ee\/wp-content\/uploads\/2023\/06\/20230418_190836-300x185.jpg\" alt class=\"img-responsive wp-image-2560\" srcset=\"https:\/\/janedaturism.ee\/wp-content\/uploads\/2023\/06\/20230418_190836-200x123.jpg 200w, https:\/\/janedaturism.ee\/wp-content\/uploads\/2023\/06\/20230418_190836-400x246.jpg 400w, https:\/\/janedaturism.ee\/wp-content\/uploads\/2023\/06\/20230418_190836-600x369.jpg 600w, https:\/\/janedaturism.ee\/wp-content\/uploads\/2023\/06\/20230418_190836-800x492.jpg 800w, https:\/\/janedaturism.ee\/wp-content\/uploads\/2023\/06\/20230418_190836-1200x738.jpg 1200w\" sizes=\"(max-width: 800px) 100vw, 600px\" \/><\/span><\/div><\/div><\/div><\/div><\/div><\/p>\n","protected":false},"excerpt":{"rendered":"","protected":false},"author":1,"featured_media":0,"parent":0,"menu_order":0,"comment_status":"closed","ping_status":"closed","template":"","meta":{"footnotes":""},"class_list":["post-1509","page","type-page","status-publish","hentry"],"yoast_head":"<!-- This site is optimized with the Yoast SEO plugin v27.3 - https:\/\/yoast.com\/product\/yoast-seo-wordpress\/ -->\n<title>Handicraft Center - J\u00e4neda M\u00f5is<\/title>\n<meta name=\"robots\" content=\"index, follow, max-snippet:-1, max-image-preview:large, max-video-preview:-1\" \/>\n<link rel=\"canonical\" href=\"https:\/\/janedaturism.ee\/en\/handicraft-center\/\" \/>\n<meta property=\"og:locale\" content=\"en_US\" \/>\n<meta property=\"og:type\" content=\"article\" \/>\n<meta property=\"og:title\" content=\"Handicraft Center - J\u00e4neda M\u00f5is\" \/>\n<meta property=\"og:url\" content=\"https:\/\/janedaturism.ee\/en\/handicraft-center\/\" \/>\n<meta property=\"og:site_name\" content=\"J\u00e4neda M\u00f5is\" \/>\n<meta property=\"article:publisher\" content=\"https:\/\/www.facebook.com\/pages\/Jneda-Misa-klalistemaja\/175778449138025\" \/>\n<meta property=\"article:modified_time\" content=\"2023-06-09T11:13:16+00:00\" \/>\n<meta name=\"twitter:card\" content=\"summary_large_image\" \/>\n<meta name=\"twitter:label1\" content=\"Est. reading time\" \/>\n\t<meta name=\"twitter:data1\" content=\"4 minutes\" \/>\n<script type=\"application\/ld+json\" class=\"yoast-schema-graph\">{\"@context\":\"https:\\\/\\\/schema.org\",\"@graph\":[{\"@type\":\"WebPage\",\"@id\":\"https:\\\/\\\/janedaturism.ee\\\/en\\\/handicraft-center\\\/\",\"url\":\"https:\\\/\\\/janedaturism.ee\\\/en\\\/handicraft-center\\\/\",\"name\":\"Handicraft Center - J\u00e4neda M\u00f5is\",\"isPartOf\":{\"@id\":\"https:\\\/\\\/janedaturism.ee\\\/en\\\/#website\"},\"datePublished\":\"2022-01-20T09:48:53+00:00\",\"dateModified\":\"2023-06-09T11:13:16+00:00\",\"breadcrumb\":{\"@id\":\"https:\\\/\\\/janedaturism.ee\\\/en\\\/handicraft-center\\\/#breadcrumb\"},\"inLanguage\":\"en-US\",\"potentialAction\":[{\"@type\":\"ReadAction\",\"target\":[\"https:\\\/\\\/janedaturism.ee\\\/en\\\/handicraft-center\\\/\"]}]},{\"@type\":\"BreadcrumbList\",\"@id\":\"https:\\\/\\\/janedaturism.ee\\\/en\\\/handicraft-center\\\/#breadcrumb\",\"itemListElement\":[{\"@type\":\"ListItem\",\"position\":1,\"name\":\"Home\",\"item\":\"https:\\\/\\\/janedaturism.ee\\\/en\\\/\"},{\"@type\":\"ListItem\",\"position\":2,\"name\":\"Handicraft Center\"}]},{\"@type\":\"WebSite\",\"@id\":\"https:\\\/\\\/janedaturism.ee\\\/en\\\/#website\",\"url\":\"https:\\\/\\\/janedaturism.ee\\\/en\\\/\",\"name\":\"J\u00e4neda M\u00f5is\",\"description\":\"\",\"publisher\":{\"@id\":\"https:\\\/\\\/janedaturism.ee\\\/en\\\/#organization\"},\"potentialAction\":[{\"@type\":\"SearchAction\",\"target\":{\"@type\":\"EntryPoint\",\"urlTemplate\":\"https:\\\/\\\/janedaturism.ee\\\/en\\\/?s={search_term_string}\"},\"query-input\":{\"@type\":\"PropertyValueSpecification\",\"valueRequired\":true,\"valueName\":\"search_term_string\"}}],\"inLanguage\":\"en-US\"},{\"@type\":\"Organization\",\"@id\":\"https:\\\/\\\/janedaturism.ee\\\/en\\\/#organization\",\"name\":\"J\u00e4neda M\u00f5is O\u00dc\",\"url\":\"https:\\\/\\\/janedaturism.ee\\\/en\\\/\",\"logo\":{\"@type\":\"ImageObject\",\"inLanguage\":\"en-US\",\"@id\":\"https:\\\/\\\/janedaturism.ee\\\/en\\\/#\\\/schema\\\/logo\\\/image\\\/\",\"url\":\"https:\\\/\\\/janedaturism.ee\\\/wp-content\\\/uploads\\\/2022\\\/05\\\/Janeda_350.png\",\"contentUrl\":\"https:\\\/\\\/janedaturism.ee\\\/wp-content\\\/uploads\\\/2022\\\/05\\\/Janeda_350.png\",\"width\":350,\"height\":272,\"caption\":\"J\u00e4neda M\u00f5is O\u00dc\"},\"image\":{\"@id\":\"https:\\\/\\\/janedaturism.ee\\\/en\\\/#\\\/schema\\\/logo\\\/image\\\/\"},\"sameAs\":[\"https:\\\/\\\/www.facebook.com\\\/pages\\\/Jneda-Misa-klalistemaja\\\/175778449138025\"]}]}<\/script>\n<!-- \/ Yoast SEO plugin. -->","yoast_head_json":{"title":"Handicraft Center - J\u00e4neda M\u00f5is","robots":{"index":"index","follow":"follow","max-snippet":"max-snippet:-1","max-image-preview":"max-image-preview:large","max-video-preview":"max-video-preview:-1"},"canonical":"https:\/\/janedaturism.ee\/en\/handicraft-center\/","og_locale":"en_US","og_type":"article","og_title":"Handicraft Center - J\u00e4neda M\u00f5is","og_url":"https:\/\/janedaturism.ee\/en\/handicraft-center\/","og_site_name":"J\u00e4neda M\u00f5is","article_publisher":"https:\/\/www.facebook.com\/pages\/Jneda-Misa-klalistemaja\/175778449138025","article_modified_time":"2023-06-09T11:13:16+00:00","twitter_card":"summary_large_image","twitter_misc":{"Est. reading time":"4 minutes"},"schema":{"@context":"https:\/\/schema.org","@graph":[{"@type":"WebPage","@id":"https:\/\/janedaturism.ee\/en\/handicraft-center\/","url":"https:\/\/janedaturism.ee\/en\/handicraft-center\/","name":"Handicraft Center - J\u00e4neda M\u00f5is","isPartOf":{"@id":"https:\/\/janedaturism.ee\/en\/#website"},"datePublished":"2022-01-20T09:48:53+00:00","dateModified":"2023-06-09T11:13:16+00:00","breadcrumb":{"@id":"https:\/\/janedaturism.ee\/en\/handicraft-center\/#breadcrumb"},"inLanguage":"en-US","potentialAction":[{"@type":"ReadAction","target":["https:\/\/janedaturism.ee\/en\/handicraft-center\/"]}]},{"@type":"BreadcrumbList","@id":"https:\/\/janedaturism.ee\/en\/handicraft-center\/#breadcrumb","itemListElement":[{"@type":"ListItem","position":1,"name":"Home","item":"https:\/\/janedaturism.ee\/en\/"},{"@type":"ListItem","position":2,"name":"Handicraft Center"}]},{"@type":"WebSite","@id":"https:\/\/janedaturism.ee\/en\/#website","url":"https:\/\/janedaturism.ee\/en\/","name":"J\u00e4neda M\u00f5is","description":"","publisher":{"@id":"https:\/\/janedaturism.ee\/en\/#organization"},"potentialAction":[{"@type":"SearchAction","target":{"@type":"EntryPoint","urlTemplate":"https:\/\/janedaturism.ee\/en\/?s={search_term_string}"},"query-input":{"@type":"PropertyValueSpecification","valueRequired":true,"valueName":"search_term_string"}}],"inLanguage":"en-US"},{"@type":"Organization","@id":"https:\/\/janedaturism.ee\/en\/#organization","name":"J\u00e4neda M\u00f5is O\u00dc","url":"https:\/\/janedaturism.ee\/en\/","logo":{"@type":"ImageObject","inLanguage":"en-US","@id":"https:\/\/janedaturism.ee\/en\/#\/schema\/logo\/image\/","url":"https:\/\/janedaturism.ee\/wp-content\/uploads\/2022\/05\/Janeda_350.png","contentUrl":"https:\/\/janedaturism.ee\/wp-content\/uploads\/2022\/05\/Janeda_350.png","width":350,"height":272,"caption":"J\u00e4neda M\u00f5is O\u00dc"},"image":{"@id":"https:\/\/janedaturism.ee\/en\/#\/schema\/logo\/image\/"},"sameAs":["https:\/\/www.facebook.com\/pages\/Jneda-Misa-klalistemaja\/175778449138025"]}]}},"_links":{"self":[{"href":"https:\/\/janedaturism.ee\/en\/wp-json\/wp\/v2\/pages\/1509","targetHints":{"allow":["GET"]}}],"collection":[{"href":"https:\/\/janedaturism.ee\/en\/wp-json\/wp\/v2\/pages"}],"about":[{"href":"https:\/\/janedaturism.ee\/en\/wp-json\/wp\/v2\/types\/page"}],"author":[{"embeddable":true,"href":"https:\/\/janedaturism.ee\/en\/wp-json\/wp\/v2\/users\/1"}],"replies":[{"embeddable":true,"href":"https:\/\/janedaturism.ee\/en\/wp-json\/wp\/v2\/comments?post=1509"}],"version-history":[{"count":0,"href":"https:\/\/janedaturism.ee\/en\/wp-json\/wp\/v2\/pages\/1509\/revisions"}],"wp:attachment":[{"href":"https:\/\/janedaturism.ee\/en\/wp-json\/wp\/v2\/media?parent=1509"}],"curies":[{"name":"wp","href":"https:\/\/api.w.org\/{rel}","templated":true}]}}